{"id":790,"date":"2016-05-19T17:53:54","date_gmt":"2016-05-19T15:53:54","guid":{"rendered":"http:\/\/www.neulingschule.de\/neulingschule-wp\/?page_id=790"},"modified":"2016-05-19T17:53:54","modified_gmt":"2016-05-19T15:53:54","slug":"elternsprechzeiten","status":"publish","type":"page","link":"http:\/\/www.neulingschule.de\/neulingschule-wp\/infos-und-termine\/info-abc\/elternsprechzeiten\/","title":{"rendered":"Elternsprechzeiten"},"content":{"rendered":"<p style=\"text-align: justify;\">Die Eltern werden \u00fcber die Entwicklung und den Lernstand ihres Kindes regelm\u00e4\u00dfig\u00a0informiert und beraten. Zur Beratung finden pro Schulhalbjahr innerhalb eines\u00a0Zeitrahmens (November und Mai) Elternsprechzeiten nach dem Unterricht statt. Sie sind zeitlich so\u00a0gelegt, dass alle Eltern die M\u00f6glichkeit zu einem eingehenden Gespr\u00e4ch mit den\u00a0Klassenlehrinnen\u00a0haben.<\/p>\n<p style=\"text-align: justify;\">Dar\u00fcber hinaus haben alle Lehrerinnen eine Sprechstunde, in denen die Lehrerinnen f\u00fcr Informationsgespr\u00e4che , nach vorheriger Anmeldung, zur Verf\u00fcgung stehen. Die Zeiten der Sprechstunden erfahren Sie im <a href=\"http:\/\/www.neulingschule.de\/neulingschule-wp\/kontakt\/sekretariat\/\">Sekretariat<\/a>.<\/p>\n","protected":false},"excerpt":{"rendered":"<p>Die Eltern werden \u00fcber die Entwicklung und den Lernstand ihres Kindes regelm\u00e4\u00dfig\u00a0informiert und beraten. Zur Beratung finden pro Schulhalbjahr innerhalb eines\u00a0Zeitrahmens (November und Mai) Elternsprechzeiten nach dem Unterricht statt. Sie &#8230;<br \/><a class=\"btn btn-primary btn-sm read-more\" href=\"http:\/\/www.neulingschule.de\/neulingschule-wp\/infos-und-termine\/info-abc\/elternsprechzeiten\/\" role=\"button\">Read more<\/a><\/p>\n","protected":false},"author":2,"featured_media":0,"parent":94,"menu_order":0,"comment_status":"closed","ping_status":"closed","template":"","meta":{"_price":"","_stock":"","_tribe_ticket_header":"","_tribe_default_ticket_provider":"","_tribe_ticket_capacity":"0","_ticket_start_date":"","_ticket_end_date":"","_tribe_ticket_show_description":"","_tribe_ticket_show_not_going":false,"_tribe_ticket_use_global_stock":"","_tribe_ticket_global_stock_level":"","_global_stock_mode":"","_global_stock_cap":"","_tribe_rsvp_for_event":"","_tribe_ticket_going_count":"","_tribe_ticket_not_going_count":"","_tribe_tickets_list":"[]","_tribe_ticket_has_attendee_info_fields":false,"footnotes":"","_tec_slr_enabled":"","_tec_slr_layout":""},"class_list":["post-790","page","type-page","status-publish","hentry","row panel panel-primary"],"ticketed":false,"_links":{"self":[{"href":"http:\/\/www.neulingschule.de\/neulingschule-wp\/wp-json\/wp\/v2\/pages\/790","targetHints":{"allow":["GET"]}}],"collection":[{"href":"http:\/\/www.neulingschule.de\/neulingschule-wp\/wp-json\/wp\/v2\/pages"}],"about":[{"href":"http:\/\/www.neulingschule.de\/neulingschule-wp\/wp-json\/wp\/v2\/types\/page"}],"author":[{"embeddable":true,"href":"http:\/\/www.neulingschule.de\/neulingschule-wp\/wp-json\/wp\/v2\/users\/2"}],"replies":[{"embeddable":true,"href":"http:\/\/www.neulingschule.de\/neulingschule-wp\/wp-json\/wp\/v2\/comments?post=790"}],"version-history":[{"count":1,"href":"http:\/\/www.neulingschule.de\/neulingschule-wp\/wp-json\/wp\/v2\/pages\/790\/revisions"}],"predecessor-version":[{"id":791,"href":"http:\/\/www.neulingschule.de\/neulingschule-wp\/wp-json\/wp\/v2\/pages\/790\/revisions\/791"}],"up":[{"embeddable":true,"href":"http:\/\/www.neulingschule.de\/neulingschule-wp\/wp-json\/wp\/v2\/pages\/94"}],"wp:attachment":[{"href":"http:\/\/www.neulingschule.de\/neulingschule-wp\/wp-json\/wp\/v2\/media?parent=790"}],"curies":[{"name":"wp","href":"https:\/\/api.w.org\/{rel}","templated":true}]}}