{"id":780,"date":"2016-05-19T17:34:23","date_gmt":"2016-05-19T15:34:23","guid":{"rendered":"http:\/\/www.neulingschule.de\/neulingschule-wp\/?page_id=780"},"modified":"2016-05-19T17:40:39","modified_gmt":"2016-05-19T15:40:39","slug":"foerderunterricht","status":"publish","type":"page","link":"http:\/\/www.neulingschule.de\/neulingschule-wp\/infos-und-termine\/info-abc\/foerderunterricht\/","title":{"rendered":"F\u00f6rderunterricht"},"content":{"rendered":"<p style=\"text-align: justify;\">Der F\u00f6rderunterricht findet in kleinen Gruppen statt\u00a0und kommt grunds\u00e4tzlich allen Kindern zugute. Die Zusammensetzung der\u00a0F\u00f6rdergruppen kann wechseln und ist abh\u00e4ngig von dem individuellen<br \/>\nF\u00f6rderkonzept. Insbesondere tr\u00e4gt er dazu bei, dass Kinder auch bei\u00a0Lernschwierigkeiten die grundlegenden Ziele erreichen (siehe\u00a0<a href=\"http:\/\/www.neulingschule.de\/neulingschule-wp\/infos-und-termine\/info-abc\/differenzierung\/\">Differenzierung<\/a> und\u00a0<a href=\"http:\/\/www.neulingschule.de\/neulingschule-wp\/infos-und-termine\/info-abc\/lrs-lese-rechtschreib-schwaeche\/\">Lese-Rechtschreib-Schw\u00e4che<\/a>). Dar\u00fcber hinaus\u00a0unterst\u00fctzt er die Entwicklung besonderer F\u00e4higkeiten und\u00a0Interessen. Hierzu kann in allen F\u00e4chern F\u00f6rderunterricht\u00a0erteilt werden. \u00a0In den F\u00e4chern Deutsch und Mathematik ist er fest im Stundenplan verankert.<\/p>\n","protected":false},"excerpt":{"rendered":"<p>Der F\u00f6rderunterricht findet in kleinen Gruppen statt\u00a0und kommt grunds\u00e4tzlich allen Kindern zugute. Die Zusammensetzung der\u00a0F\u00f6rdergruppen kann wechseln und ist abh\u00e4ngig von dem individuellen F\u00f6rderkonzept. Insbesondere tr\u00e4gt er dazu bei, dass &#8230;<br \/><a class=\"btn btn-primary btn-sm read-more\" href=\"http:\/\/www.neulingschule.de\/neulingschule-wp\/infos-und-termine\/info-abc\/foerderunterricht\/\" role=\"button\">Read more<\/a><\/p>\n","protected":false},"author":2,"featured_media":0,"parent":94,"menu_order":0,"comment_status":"closed","ping_status":"closed","template":"","meta":{"_price":"","_stock":"","_tribe_ticket_header":"","_tribe_default_ticket_provider":"","_tribe_ticket_capacity":"0","_ticket_start_date":"","_ticket_end_date":"","_tribe_ticket_show_description":"","_tribe_ticket_show_not_going":false,"_tribe_ticket_use_global_stock":"","_tribe_ticket_global_stock_level":"","_global_stock_mode":"","_global_stock_cap":"","_tribe_rsvp_for_event":"","_tribe_ticket_going_count":"","_tribe_ticket_not_going_count":"","_tribe_tickets_list":"[]","_tribe_ticket_has_attendee_info_fields":false,"footnotes":"","_tec_slr_enabled":"","_tec_slr_layout":""},"class_list":["post-780","page","type-page","status-publish","hentry","row panel panel-primary"],"ticketed":false,"_links":{"self":[{"href":"http:\/\/www.neulingschule.de\/neulingschule-wp\/wp-json\/wp\/v2\/pages\/780","targetHints":{"allow":["GET"]}}],"collection":[{"href":"http:\/\/www.neulingschule.de\/neulingschule-wp\/wp-json\/wp\/v2\/pages"}],"about":[{"href":"http:\/\/www.neulingschule.de\/neulingschule-wp\/wp-json\/wp\/v2\/types\/page"}],"author":[{"embeddable":true,"href":"http:\/\/www.neulingschule.de\/neulingschule-wp\/wp-json\/wp\/v2\/users\/2"}],"replies":[{"embeddable":true,"href":"http:\/\/www.neulingschule.de\/neulingschule-wp\/wp-json\/wp\/v2\/comments?post=780"}],"version-history":[{"count":4,"href":"http:\/\/www.neulingschule.de\/neulingschule-wp\/wp-json\/wp\/v2\/pages\/780\/revisions"}],"predecessor-version":[{"id":787,"href":"http:\/\/www.neulingschule.de\/neulingschule-wp\/wp-json\/wp\/v2\/pages\/780\/revisions\/787"}],"up":[{"embeddable":true,"href":"http:\/\/www.neulingschule.de\/neulingschule-wp\/wp-json\/wp\/v2\/pages\/94"}],"wp:attachment":[{"href":"http:\/\/www.neulingschule.de\/neulingschule-wp\/wp-json\/wp\/v2\/media?parent=780"}],"curies":[{"name":"wp","href":"https:\/\/api.w.org\/{rel}","templated":true}]}}