{"id":776,"date":"2016-05-19T17:30:09","date_gmt":"2016-05-19T15:30:09","guid":{"rendered":"http:\/\/www.neulingschule.de\/neulingschule-wp\/?page_id=776"},"modified":"2016-05-19T17:30:09","modified_gmt":"2016-05-19T15:30:09","slug":"gottesdienst","status":"publish","type":"page","link":"http:\/\/www.neulingschule.de\/neulingschule-wp\/infos-und-termine\/info-abc\/gottesdienst\/","title":{"rendered":"Gottesdienst"},"content":{"rendered":"<p>F\u00fcnf\u00a0mal im Jahr\u00a0findet f\u00fcr die Kinder ein Gottesdienst, der von den Sch\u00fclerinnen und Sch\u00fclern vorbereitet wird, \u00a0in der Emmaus- oder der Heimkehrerdankeskirche statt.<\/p>\n<ul>\n<li>Einschulungsgottesdienst (\u00f6kumenisch)<\/li>\n<li>Erntedank (evangelisch\/katholisch)<\/li>\n<li>Adventszeit\u00a0(evangelisch\/katholisch)<\/li>\n<li>Fastenzeit\u00a0(evangelisch\/katholisch)<\/li>\n<li>Abschiedsgottesdienst (\u00f6kumenisch)<\/li>\n<\/ul>\n<p>Die Kinder gehen unter Aufsicht gemeinsam von der Schule zur Kirche. Kinder, die nicht am Gottesdienst teilnehmen, werden in der Zeit in der Schule unterrichtet.<\/p>\n","protected":false},"excerpt":{"rendered":"<p>F\u00fcnf\u00a0mal im Jahr\u00a0findet f\u00fcr die Kinder ein Gottesdienst, der von den Sch\u00fclerinnen und Sch\u00fclern vorbereitet wird, \u00a0in der Emmaus- oder der Heimkehrerdankeskirche statt. Einschulungsgottesdienst (\u00f6kumenisch) Erntedank (evangelisch\/katholisch) Adventszeit\u00a0(evangelisch\/katholisch) Fastenzeit\u00a0(evangelisch\/katholisch) Abschiedsgottesdienst &#8230;<br \/><a class=\"btn btn-primary btn-sm read-more\" href=\"http:\/\/www.neulingschule.de\/neulingschule-wp\/infos-und-termine\/info-abc\/gottesdienst\/\" role=\"button\">Read more<\/a><\/p>\n","protected":false},"author":2,"featured_media":0,"parent":94,"menu_order":0,"comment_status":"closed","ping_status":"closed","template":"","meta":{"_price":"","_stock":"","_tribe_ticket_header":"","_tribe_default_ticket_provider":"","_tribe_ticket_capacity":"0","_ticket_start_date":"","_ticket_end_date":"","_tribe_ticket_show_description":"","_tribe_ticket_show_not_going":false,"_tribe_ticket_use_global_stock":"","_tribe_ticket_global_stock_level":"","_global_stock_mode":"","_global_stock_cap":"","_tribe_rsvp_for_event":"","_tribe_ticket_going_count":"","_tribe_ticket_not_going_count":"","_tribe_tickets_list":"[]","_tribe_ticket_has_attendee_info_fields":false,"footnotes":"","_tec_slr_enabled":"","_tec_slr_layout":""},"class_list":["post-776","page","type-page","status-publish","hentry","row panel panel-primary"],"ticketed":false,"_links":{"self":[{"href":"http:\/\/www.neulingschule.de\/neulingschule-wp\/wp-json\/wp\/v2\/pages\/776","targetHints":{"allow":["GET"]}}],"collection":[{"href":"http:\/\/www.neulingschule.de\/neulingschule-wp\/wp-json\/wp\/v2\/pages"}],"about":[{"href":"http:\/\/www.neulingschule.de\/neulingschule-wp\/wp-json\/wp\/v2\/types\/page"}],"author":[{"embeddable":true,"href":"http:\/\/www.neulingschule.de\/neulingschule-wp\/wp-json\/wp\/v2\/users\/2"}],"replies":[{"embeddable":true,"href":"http:\/\/www.neulingschule.de\/neulingschule-wp\/wp-json\/wp\/v2\/comments?post=776"}],"version-history":[{"count":3,"href":"http:\/\/www.neulingschule.de\/neulingschule-wp\/wp-json\/wp\/v2\/pages\/776\/revisions"}],"predecessor-version":[{"id":779,"href":"http:\/\/www.neulingschule.de\/neulingschule-wp\/wp-json\/wp\/v2\/pages\/776\/revisions\/779"}],"up":[{"embeddable":true,"href":"http:\/\/www.neulingschule.de\/neulingschule-wp\/wp-json\/wp\/v2\/pages\/94"}],"wp:attachment":[{"href":"http:\/\/www.neulingschule.de\/neulingschule-wp\/wp-json\/wp\/v2\/media?parent=776"}],"curies":[{"name":"wp","href":"https:\/\/api.w.org\/{rel}","templated":true}]}}