{"id":767,"date":"2016-05-19T13:27:34","date_gmt":"2016-05-19T11:27:34","guid":{"rendered":"http:\/\/www.neulingschule.de\/neulingschule-wp\/?page_id=767"},"modified":"2025-07-24T12:52:03","modified_gmt":"2025-07-24T10:52:03","slug":"entschuldigung","status":"publish","type":"page","link":"http:\/\/www.neulingschule.de\/neulingschule-wp\/infos-und-termine\/info-abc\/entschuldigung\/","title":{"rendered":"Entschuldigung"},"content":{"rendered":"\n<p>Ab dem 1. Fehltag muss das Kind in der Schule vor Schulbeginn \u00fcber die die <a href=\"https:\/\/ngs.schulen-bochum.nrw\/iserv\/\">IServ-Plattform<\/a> abgemeldet werden. Bei h\u00e4ufigen Fehlen kann ein \u00e4rztliches Attest angefordert werden.<\/p>\n\n\n\n<p>An den Tagen vor und nach den Ferien sowie Br\u00fcckentagen ist ein \u00e4rztliches Attest zwingend erforderlich.<\/p>\n\n\n\n<p><\/p>\n","protected":false},"excerpt":{"rendered":"<p>Ab dem 1. Fehltag muss das Kind in der Schule vor Schulbeginn \u00fcber die die IServ-Plattform abgemeldet werden. Bei h\u00e4ufigen Fehlen kann ein \u00e4rztliches Attest angefordert werden. An den Tagen &#8230;<br \/><a class=\"btn btn-primary btn-sm read-more\" href=\"http:\/\/www.neulingschule.de\/neulingschule-wp\/infos-und-termine\/info-abc\/entschuldigung\/\" role=\"button\">Read more<\/a><\/p>\n","protected":false},"author":2,"featured_media":0,"parent":94,"menu_order":0,"comment_status":"closed","ping_status":"closed","template":"","meta":{"_price":"","_stock":"","_tribe_ticket_header":"","_tribe_default_ticket_provider":"","_tribe_ticket_capacity":"0","_ticket_start_date":"","_ticket_end_date":"","_tribe_ticket_show_description":"","_tribe_ticket_show_not_going":false,"_tribe_ticket_use_global_stock":"","_tribe_ticket_global_stock_level":"","_global_stock_mode":"","_global_stock_cap":"","_tribe_rsvp_for_event":"","_tribe_ticket_going_count":"","_tribe_ticket_not_going_count":"","_tribe_tickets_list":"[]","_tribe_ticket_has_attendee_info_fields":false,"footnotes":"","_tec_slr_enabled":"","_tec_slr_layout":""},"class_list":["post-767","page","type-page","status-publish","hentry","row panel panel-primary"],"ticketed":false,"_links":{"self":[{"href":"http:\/\/www.neulingschule.de\/neulingschule-wp\/wp-json\/wp\/v2\/pages\/767","targetHints":{"allow":["GET"]}}],"collection":[{"href":"http:\/\/www.neulingschule.de\/neulingschule-wp\/wp-json\/wp\/v2\/pages"}],"about":[{"href":"http:\/\/www.neulingschule.de\/neulingschule-wp\/wp-json\/wp\/v2\/types\/page"}],"author":[{"embeddable":true,"href":"http:\/\/www.neulingschule.de\/neulingschule-wp\/wp-json\/wp\/v2\/users\/2"}],"replies":[{"embeddable":true,"href":"http:\/\/www.neulingschule.de\/neulingschule-wp\/wp-json\/wp\/v2\/comments?post=767"}],"version-history":[{"count":4,"href":"http:\/\/www.neulingschule.de\/neulingschule-wp\/wp-json\/wp\/v2\/pages\/767\/revisions"}],"predecessor-version":[{"id":6192,"href":"http:\/\/www.neulingschule.de\/neulingschule-wp\/wp-json\/wp\/v2\/pages\/767\/revisions\/6192"}],"up":[{"embeddable":true,"href":"http:\/\/www.neulingschule.de\/neulingschule-wp\/wp-json\/wp\/v2\/pages\/94"}],"wp:attachment":[{"href":"http:\/\/www.neulingschule.de\/neulingschule-wp\/wp-json\/wp\/v2\/media?parent=767"}],"curies":[{"name":"wp","href":"https:\/\/api.w.org\/{rel}","templated":true}]}}