{"id":760,"date":"2016-05-19T13:17:39","date_gmt":"2016-05-19T11:17:39","guid":{"rendered":"http:\/\/www.neulingschule.de\/neulingschule-wp\/?page_id=760"},"modified":"2016-05-19T13:17:39","modified_gmt":"2016-05-19T11:17:39","slug":"muellvermeidung","status":"publish","type":"page","link":"http:\/\/www.neulingschule.de\/neulingschule-wp\/infos-und-termine\/info-abc\/muellvermeidung\/","title":{"rendered":"M\u00fcllvermeidung"},"content":{"rendered":"<p>Wir bem\u00fchen uns, die Kinder zu\u00a0Umweltbewusstsein zu erziehen. Dazu geh\u00f6rt auch, dass wir ihnen umweltschonende\u00a0Alternativen zur Verwendung von Verpackungen und Schulmaterialien nennen.<\/p>\n<p>Bitte unterst\u00fctzen Sie uns durch die Nutzung von wiederverwendbaren Verpackungen f\u00fcr das Schulfr\u00fchst\u00fcck.<br \/>\nWiederverwertbare Verpackungen (Gr\u00fcner Punkt) und Papier werden in den\u00a0Klassen getrennt gesammelt.<br \/>\nWegen der Verletzungsgefahr durch Scherben sollen die\u00a0Kinder keine Getr\u00e4nke\u00a0in Glasflaschen mitbringen.<\/p>\n","protected":false},"excerpt":{"rendered":"<p>Wir bem\u00fchen uns, die Kinder zu\u00a0Umweltbewusstsein zu erziehen. Dazu geh\u00f6rt auch, dass wir ihnen umweltschonende\u00a0Alternativen zur Verwendung von Verpackungen und Schulmaterialien nennen. Bitte unterst\u00fctzen Sie uns durch die Nutzung von &#8230;<br \/><a class=\"btn btn-primary btn-sm read-more\" href=\"http:\/\/www.neulingschule.de\/neulingschule-wp\/infos-und-termine\/info-abc\/muellvermeidung\/\" role=\"button\">Read more<\/a><\/p>\n","protected":false},"author":2,"featured_media":0,"parent":94,"menu_order":0,"comment_status":"closed","ping_status":"closed","template":"","meta":{"_price":"","_stock":"","_tribe_ticket_header":"","_tribe_default_ticket_provider":"","_tribe_ticket_capacity":"0","_ticket_start_date":"","_ticket_end_date":"","_tribe_ticket_show_description":"","_tribe_ticket_show_not_going":false,"_tribe_ticket_use_global_stock":"","_tribe_ticket_global_stock_level":"","_global_stock_mode":"","_global_stock_cap":"","_tribe_rsvp_for_event":"","_tribe_ticket_going_count":"","_tribe_ticket_not_going_count":"","_tribe_tickets_list":"[]","_tribe_ticket_has_attendee_info_fields":false,"footnotes":"","_tec_slr_enabled":"","_tec_slr_layout":""},"class_list":["post-760","page","type-page","status-publish","hentry","row panel panel-primary"],"ticketed":false,"_links":{"self":[{"href":"http:\/\/www.neulingschule.de\/neulingschule-wp\/wp-json\/wp\/v2\/pages\/760","targetHints":{"allow":["GET"]}}],"collection":[{"href":"http:\/\/www.neulingschule.de\/neulingschule-wp\/wp-json\/wp\/v2\/pages"}],"about":[{"href":"http:\/\/www.neulingschule.de\/neulingschule-wp\/wp-json\/wp\/v2\/types\/page"}],"author":[{"embeddable":true,"href":"http:\/\/www.neulingschule.de\/neulingschule-wp\/wp-json\/wp\/v2\/users\/2"}],"replies":[{"embeddable":true,"href":"http:\/\/www.neulingschule.de\/neulingschule-wp\/wp-json\/wp\/v2\/comments?post=760"}],"version-history":[{"count":1,"href":"http:\/\/www.neulingschule.de\/neulingschule-wp\/wp-json\/wp\/v2\/pages\/760\/revisions"}],"predecessor-version":[{"id":761,"href":"http:\/\/www.neulingschule.de\/neulingschule-wp\/wp-json\/wp\/v2\/pages\/760\/revisions\/761"}],"up":[{"embeddable":true,"href":"http:\/\/www.neulingschule.de\/neulingschule-wp\/wp-json\/wp\/v2\/pages\/94"}],"wp:attachment":[{"href":"http:\/\/www.neulingschule.de\/neulingschule-wp\/wp-json\/wp\/v2\/media?parent=760"}],"curies":[{"name":"wp","href":"https:\/\/api.w.org\/{rel}","templated":true}]}}