{"id":751,"date":"2016-05-19T12:55:38","date_gmt":"2016-05-19T10:55:38","guid":{"rendered":"http:\/\/www.neulingschule.de\/neulingschule-wp\/?page_id=751"},"modified":"2016-05-19T13:09:46","modified_gmt":"2016-05-19T11:09:46","slug":"leistungsbewertung","status":"publish","type":"page","link":"http:\/\/www.neulingschule.de\/neulingschule-wp\/infos-und-termine\/info-abc\/leistungsbewertung\/","title":{"rendered":"Leistungsbewertung"},"content":{"rendered":"<p>Die Leistungsbewertung soll \u00fcber den Stand des Lernprozesses\u00a0des Sch\u00fclers Aufschluss geben; sie soll auch Grundlage f\u00fcr die weitere F\u00f6rderung sein.<br \/>\nBei der Beratung mit den Eltern \u00fcber den Bildungsgang des Kindes ist sie eine wichtige Hilfe.<br \/>\nSie bezieht sich auf die im Unterricht vermittelten Kenntnisse, F\u00e4higkeiten und Fertigkeiten.<br \/>\nGrundlage sind alle vom Sch\u00fcler erbrachten Leistungen, insbesondere schriftliche Arbeiten,<br \/>\nm\u00fcndliche Beitr\u00e4ge und praktische Leistungen.<br \/>\nZur Feststellung des individuellen Lernfortschritts sind nach Ma\u00dfgabe der Lehrpl\u00e4ne kurze<br \/>\nschriftliche Arbeiten zul\u00e4ssig. Schriftliche Arbeiten werden in den Klassen 3 und 4 in den<br \/>\nF\u00e4chern Deutsch, Mathematik und Englisch geschrieben.<\/p>\n","protected":false},"excerpt":{"rendered":"<p>Die Leistungsbewertung soll \u00fcber den Stand des Lernprozesses\u00a0des Sch\u00fclers Aufschluss geben; sie soll auch Grundlage f\u00fcr die weitere F\u00f6rderung sein. Bei der Beratung mit den Eltern \u00fcber den Bildungsgang des &#8230;<br \/><a class=\"btn btn-primary btn-sm read-more\" href=\"http:\/\/www.neulingschule.de\/neulingschule-wp\/infos-und-termine\/info-abc\/leistungsbewertung\/\" role=\"button\">Read more<\/a><\/p>\n","protected":false},"author":2,"featured_media":0,"parent":94,"menu_order":0,"comment_status":"closed","ping_status":"closed","template":"","meta":{"_price":"","_stock":"","_tribe_ticket_header":"","_tribe_default_ticket_provider":"","_tribe_ticket_capacity":"0","_ticket_start_date":"","_ticket_end_date":"","_tribe_ticket_show_description":"","_tribe_ticket_show_not_going":false,"_tribe_ticket_use_global_stock":"","_tribe_ticket_global_stock_level":"","_global_stock_mode":"","_global_stock_cap":"","_tribe_rsvp_for_event":"","_tribe_ticket_going_count":"","_tribe_ticket_not_going_count":"","_tribe_tickets_list":"[]","_tribe_ticket_has_attendee_info_fields":false,"footnotes":"","_tec_slr_enabled":"","_tec_slr_layout":""},"class_list":["post-751","page","type-page","status-publish","hentry","row panel panel-primary"],"ticketed":false,"_links":{"self":[{"href":"http:\/\/www.neulingschule.de\/neulingschule-wp\/wp-json\/wp\/v2\/pages\/751","targetHints":{"allow":["GET"]}}],"collection":[{"href":"http:\/\/www.neulingschule.de\/neulingschule-wp\/wp-json\/wp\/v2\/pages"}],"about":[{"href":"http:\/\/www.neulingschule.de\/neulingschule-wp\/wp-json\/wp\/v2\/types\/page"}],"author":[{"embeddable":true,"href":"http:\/\/www.neulingschule.de\/neulingschule-wp\/wp-json\/wp\/v2\/users\/2"}],"replies":[{"embeddable":true,"href":"http:\/\/www.neulingschule.de\/neulingschule-wp\/wp-json\/wp\/v2\/comments?post=751"}],"version-history":[{"count":1,"href":"http:\/\/www.neulingschule.de\/neulingschule-wp\/wp-json\/wp\/v2\/pages\/751\/revisions"}],"predecessor-version":[{"id":754,"href":"http:\/\/www.neulingschule.de\/neulingschule-wp\/wp-json\/wp\/v2\/pages\/751\/revisions\/754"}],"up":[{"embeddable":true,"href":"http:\/\/www.neulingschule.de\/neulingschule-wp\/wp-json\/wp\/v2\/pages\/94"}],"wp:attachment":[{"href":"http:\/\/www.neulingschule.de\/neulingschule-wp\/wp-json\/wp\/v2\/media?parent=751"}],"curies":[{"name":"wp","href":"https:\/\/api.w.org\/{rel}","templated":true}]}}