{"id":711,"date":"2016-05-18T13:41:10","date_gmt":"2016-05-18T11:41:10","guid":{"rendered":"http:\/\/www.neulingschule.de\/neulingschule-wp\/?page_id=711"},"modified":"2016-05-18T13:50:29","modified_gmt":"2016-05-18T11:50:29","slug":"versetzung","status":"publish","type":"page","link":"http:\/\/www.neulingschule.de\/neulingschule-wp\/infos-und-termine\/info-abc\/versetzung\/","title":{"rendered":"Versetzung"},"content":{"rendered":"<p>Die Kinder gehen ohne Versetzung vom ersten in das zweite Schuljahr \u00fcber.<br \/>\nDer \u00dcbergang in die Klassen 3, 4 und 5 beruht auf Versetzungen.<\/p>\n<p>Sch\u00fcler, deren Versetzung\u00a0gef\u00e4hrdet ist, erhalten zum Halbjahreszeugnis eine individuelle Lern- und F\u00f6rderempfehlung.<br \/>\nEin Kind kann auf Antrag der Eltern im Verlauf eines Schuljahres von der Klasse 3<br \/>\nin die Schuleingangsphase, von der Klasse 4 in die Klasse 3 zur\u00fccktreten, wenn es in der<br \/>\nbisherigen Klasse nicht mehr erfolgreich mitarbeiten kann.<\/p>\n","protected":false},"excerpt":{"rendered":"<p>Die Kinder gehen ohne Versetzung vom ersten in das zweite Schuljahr \u00fcber. Der \u00dcbergang in die Klassen 3, 4 und 5 beruht auf Versetzungen. Sch\u00fcler, deren Versetzung\u00a0gef\u00e4hrdet ist, erhalten zum &#8230;<br \/><a class=\"btn btn-primary btn-sm read-more\" href=\"http:\/\/www.neulingschule.de\/neulingschule-wp\/infos-und-termine\/info-abc\/versetzung\/\" role=\"button\">Read more<\/a><\/p>\n","protected":false},"author":2,"featured_media":0,"parent":94,"menu_order":0,"comment_status":"closed","ping_status":"closed","template":"","meta":{"_price":"","_stock":"","_tribe_ticket_header":"","_tribe_default_ticket_provider":"","_tribe_ticket_capacity":"0","_ticket_start_date":"","_ticket_end_date":"","_tribe_ticket_show_description":"","_tribe_ticket_show_not_going":false,"_tribe_ticket_use_global_stock":"","_tribe_ticket_global_stock_level":"","_global_stock_mode":"","_global_stock_cap":"","_tribe_rsvp_for_event":"","_tribe_ticket_going_count":"","_tribe_ticket_not_going_count":"","_tribe_tickets_list":"[]","_tribe_ticket_has_attendee_info_fields":false,"footnotes":"","_tec_slr_enabled":"","_tec_slr_layout":""},"class_list":["post-711","page","type-page","status-publish","hentry","row panel panel-primary"],"ticketed":false,"_links":{"self":[{"href":"http:\/\/www.neulingschule.de\/neulingschule-wp\/wp-json\/wp\/v2\/pages\/711","targetHints":{"allow":["GET"]}}],"collection":[{"href":"http:\/\/www.neulingschule.de\/neulingschule-wp\/wp-json\/wp\/v2\/pages"}],"about":[{"href":"http:\/\/www.neulingschule.de\/neulingschule-wp\/wp-json\/wp\/v2\/types\/page"}],"author":[{"embeddable":true,"href":"http:\/\/www.neulingschule.de\/neulingschule-wp\/wp-json\/wp\/v2\/users\/2"}],"replies":[{"embeddable":true,"href":"http:\/\/www.neulingschule.de\/neulingschule-wp\/wp-json\/wp\/v2\/comments?post=711"}],"version-history":[{"count":1,"href":"http:\/\/www.neulingschule.de\/neulingschule-wp\/wp-json\/wp\/v2\/pages\/711\/revisions"}],"predecessor-version":[{"id":713,"href":"http:\/\/www.neulingschule.de\/neulingschule-wp\/wp-json\/wp\/v2\/pages\/711\/revisions\/713"}],"up":[{"embeddable":true,"href":"http:\/\/www.neulingschule.de\/neulingschule-wp\/wp-json\/wp\/v2\/pages\/94"}],"wp:attachment":[{"href":"http:\/\/www.neulingschule.de\/neulingschule-wp\/wp-json\/wp\/v2\/media?parent=711"}],"curies":[{"name":"wp","href":"https:\/\/api.w.org\/{rel}","templated":true}]}}