{"id":707,"date":"2016-05-18T13:38:18","date_gmt":"2016-05-18T11:38:18","guid":{"rendered":"http:\/\/www.neulingschule.de\/neulingschule-wp\/?page_id=707"},"modified":"2016-05-18T13:49:51","modified_gmt":"2016-05-18T11:49:51","slug":"zurueckstellung-von-der-einschulung","status":"publish","type":"page","link":"http:\/\/www.neulingschule.de\/neulingschule-wp\/infos-und-termine\/info-abc\/zurueckstellung-von-der-einschulung\/","title":{"rendered":"Zur\u00fcckstellung von der Einschulung"},"content":{"rendered":"<p>Nach dem Schulgesetz werden Kinder\u00a0seit 2004\/05\u00a0nur in ganz besonderen Ausnahmef\u00e4llen von der Einschulung zur\u00fcckgestellt. Mit Einf\u00fchrung der Inkulsion\u00a0wurde diese Vorgehen\u00a0noch einmal eingeschr\u00e4nkt.<\/p>\n","protected":false},"excerpt":{"rendered":"<p>Nach dem Schulgesetz werden Kinder\u00a0seit 2004\/05\u00a0nur in ganz besonderen Ausnahmef\u00e4llen von der Einschulung zur\u00fcckgestellt. Mit Einf\u00fchrung der Inkulsion\u00a0wurde diese Vorgehen\u00a0noch einmal eingeschr\u00e4nkt.<\/p>\n","protected":false},"author":2,"featured_media":0,"parent":94,"menu_order":0,"comment_status":"closed","ping_status":"closed","template":"","meta":{"_price":"","_stock":"","_tribe_ticket_header":"","_tribe_default_ticket_provider":"","_tribe_ticket_capacity":"0","_ticket_start_date":"","_ticket_end_date":"","_tribe_ticket_show_description":"","_tribe_ticket_show_not_going":false,"_tribe_ticket_use_global_stock":"","_tribe_ticket_global_stock_level":"","_global_stock_mode":"","_global_stock_cap":"","_tribe_rsvp_for_event":"","_tribe_ticket_going_count":"","_tribe_ticket_not_going_count":"","_tribe_tickets_list":"[]","_tribe_ticket_has_attendee_info_fields":false,"footnotes":"","_tec_slr_enabled":"","_tec_slr_layout":""},"class_list":["post-707","page","type-page","status-publish","hentry","row panel panel-primary"],"ticketed":false,"_links":{"self":[{"href":"http:\/\/www.neulingschule.de\/neulingschule-wp\/wp-json\/wp\/v2\/pages\/707","targetHints":{"allow":["GET"]}}],"collection":[{"href":"http:\/\/www.neulingschule.de\/neulingschule-wp\/wp-json\/wp\/v2\/pages"}],"about":[{"href":"http:\/\/www.neulingschule.de\/neulingschule-wp\/wp-json\/wp\/v2\/types\/page"}],"author":[{"embeddable":true,"href":"http:\/\/www.neulingschule.de\/neulingschule-wp\/wp-json\/wp\/v2\/users\/2"}],"replies":[{"embeddable":true,"href":"http:\/\/www.neulingschule.de\/neulingschule-wp\/wp-json\/wp\/v2\/comments?post=707"}],"version-history":[{"count":1,"href":"http:\/\/www.neulingschule.de\/neulingschule-wp\/wp-json\/wp\/v2\/pages\/707\/revisions"}],"predecessor-version":[{"id":710,"href":"http:\/\/www.neulingschule.de\/neulingschule-wp\/wp-json\/wp\/v2\/pages\/707\/revisions\/710"}],"up":[{"embeddable":true,"href":"http:\/\/www.neulingschule.de\/neulingschule-wp\/wp-json\/wp\/v2\/pages\/94"}],"wp:attachment":[{"href":"http:\/\/www.neulingschule.de\/neulingschule-wp\/wp-json\/wp\/v2\/media?parent=707"}],"curies":[{"name":"wp","href":"https:\/\/api.w.org\/{rel}","templated":true}]}}