{"id":705,"date":"2016-05-18T13:33:07","date_gmt":"2016-05-18T11:33:07","guid":{"rendered":"http:\/\/www.neulingschule.de\/neulingschule-wp\/?page_id=705"},"modified":"2016-05-18T13:33:07","modified_gmt":"2016-05-18T11:33:07","slug":"zeugnisse","status":"publish","type":"page","link":"http:\/\/www.neulingschule.de\/neulingschule-wp\/infos-und-termine\/info-abc\/zeugnisse\/","title":{"rendered":"Zeugnisse"},"content":{"rendered":"<p>In der Schuleingangsphase (Klassen 1 und 2) erhalten die Kinder jeweils zum Ende<br \/>\ndes Schuljahres Zeugnisse, die Kinder der Klassen 3 und 4 auch zum Schulhalbjahr.<\/p>\n<p>Die Zeugnisse in der Schuleingangsphase enthalten einen Bericht \u00fcber die Entwicklung im<br \/>\nArbeits- und Sozialverhalten sowie \u00fcber die Lernentwicklung und den Leistungsstand in den F\u00e4chern.<br \/>\nDas Versetzungszeugnis in die Klasse 3 und die Zeugnisse der Klasse 3 enthalten sowohl eine Leistungsbeschreibung \u00e4hnlich der Klassen 1 und 2, aber auch Noten\u00a0f\u00fcr die F\u00e4cher.<br \/>\nDie Zeugnisse der Klasse 4 enthalten Noten f\u00fcr die F\u00e4cher.<\/p>\n<p>Das Halbjahreszeugnis der Klasse 4 enth\u00e4lt dar\u00fcber hinaus eine begr\u00fcndete Empfehlung f\u00fcr<br \/>\ndie Schulform, die f\u00fcr die weitere schulische F\u00f6rderung\u00a0am besten geeignet erscheint.<\/p>\n<p>In der Klasse 2 und 4 erhalten die Kinder zum Zeugnis noch einen Kompetenzpass, der auch in Klasse 6 gef\u00fchrt wird.<\/p>\n","protected":false},"excerpt":{"rendered":"<p>In der Schuleingangsphase (Klassen 1 und 2) erhalten die Kinder jeweils zum Ende des Schuljahres Zeugnisse, die Kinder der Klassen 3 und 4 auch zum Schulhalbjahr. Die Zeugnisse in der &#8230;<br \/><a class=\"btn btn-primary btn-sm read-more\" href=\"http:\/\/www.neulingschule.de\/neulingschule-wp\/infos-und-termine\/info-abc\/zeugnisse\/\" role=\"button\">Read more<\/a><\/p>\n","protected":false},"author":2,"featured_media":0,"parent":94,"menu_order":0,"comment_status":"closed","ping_status":"closed","template":"","meta":{"_price":"","_stock":"","_tribe_ticket_header":"","_tribe_default_ticket_provider":"","_tribe_ticket_capacity":"0","_ticket_start_date":"","_ticket_end_date":"","_tribe_ticket_show_description":"","_tribe_ticket_show_not_going":false,"_tribe_ticket_use_global_stock":"","_tribe_ticket_global_stock_level":"","_global_stock_mode":"","_global_stock_cap":"","_tribe_rsvp_for_event":"","_tribe_ticket_going_count":"","_tribe_ticket_not_going_count":"","_tribe_tickets_list":"[]","_tribe_ticket_has_attendee_info_fields":false,"footnotes":"","_tec_slr_enabled":"","_tec_slr_layout":""},"class_list":["post-705","page","type-page","status-publish","hentry","row panel panel-primary"],"ticketed":false,"_links":{"self":[{"href":"http:\/\/www.neulingschule.de\/neulingschule-wp\/wp-json\/wp\/v2\/pages\/705","targetHints":{"allow":["GET"]}}],"collection":[{"href":"http:\/\/www.neulingschule.de\/neulingschule-wp\/wp-json\/wp\/v2\/pages"}],"about":[{"href":"http:\/\/www.neulingschule.de\/neulingschule-wp\/wp-json\/wp\/v2\/types\/page"}],"author":[{"embeddable":true,"href":"http:\/\/www.neulingschule.de\/neulingschule-wp\/wp-json\/wp\/v2\/users\/2"}],"replies":[{"embeddable":true,"href":"http:\/\/www.neulingschule.de\/neulingschule-wp\/wp-json\/wp\/v2\/comments?post=705"}],"version-history":[{"count":1,"href":"http:\/\/www.neulingschule.de\/neulingschule-wp\/wp-json\/wp\/v2\/pages\/705\/revisions"}],"predecessor-version":[{"id":706,"href":"http:\/\/www.neulingschule.de\/neulingschule-wp\/wp-json\/wp\/v2\/pages\/705\/revisions\/706"}],"up":[{"embeddable":true,"href":"http:\/\/www.neulingschule.de\/neulingschule-wp\/wp-json\/wp\/v2\/pages\/94"}],"wp:attachment":[{"href":"http:\/\/www.neulingschule.de\/neulingschule-wp\/wp-json\/wp\/v2\/media?parent=705"}],"curies":[{"name":"wp","href":"https:\/\/api.w.org\/{rel}","templated":true}]}}