{"id":569,"date":"2016-05-03T12:32:46","date_gmt":"2016-05-03T10:32:46","guid":{"rendered":"http:\/\/www.neulingschule.de\/neulingschule-wp\/?page_id=569"},"modified":"2016-05-03T12:33:23","modified_gmt":"2016-05-03T10:33:23","slug":"vorzeitige-einschulung","status":"publish","type":"page","link":"http:\/\/www.neulingschule.de\/neulingschule-wp\/infos-und-termine\/info-abc\/vorzeitige-einschulung\/","title":{"rendered":"Vorzeitige Einschulung"},"content":{"rendered":"<p>Kinder, die nach dem Stichtag (30.September) das sechste Lebensjahr vollenden, k\u00f6nnen auf Antrag der Eltern zu Beginn des Schuljahres aufgenommen werden, wenn sie die f\u00fcr den Schulbesuch erforderlichen k\u00f6rperlichen und geistigen Voraussetzungen besitzen und in ihrem sozialen Verhalten ausreichend entwickelt sind (Schulf\u00e4higkeit).<\/p>\n<p>Die Schulleitung trifft die Entscheidung unter Ber\u00fccksichtigung des schul\u00e4rztlichen Gutachtens und nach einem Beratungsgespr\u00e4ch mit den Erziehungsberechtigten.<\/p>\n<p>Mit der Aufnahme in die Schule wird das Kind schulpflichtig.<\/p>\n","protected":false},"excerpt":{"rendered":"<p>Kinder, die nach dem Stichtag (30.September) das sechste Lebensjahr vollenden, k\u00f6nnen auf Antrag der Eltern zu Beginn des Schuljahres aufgenommen werden, wenn sie die f\u00fcr den Schulbesuch erforderlichen k\u00f6rperlichen und &#8230;<br \/><a class=\"btn btn-primary btn-sm read-more\" href=\"http:\/\/www.neulingschule.de\/neulingschule-wp\/infos-und-termine\/info-abc\/vorzeitige-einschulung\/\" role=\"button\">Read more<\/a><\/p>\n","protected":false},"author":2,"featured_media":0,"parent":94,"menu_order":0,"comment_status":"closed","ping_status":"closed","template":"","meta":{"_price":"","_stock":"","_tribe_ticket_header":"","_tribe_default_ticket_provider":"","_tribe_ticket_capacity":"0","_ticket_start_date":"","_ticket_end_date":"","_tribe_ticket_show_description":"","_tribe_ticket_show_not_going":false,"_tribe_ticket_use_global_stock":"","_tribe_ticket_global_stock_level":"","_global_stock_mode":"","_global_stock_cap":"","_tribe_rsvp_for_event":"","_tribe_ticket_going_count":"","_tribe_ticket_not_going_count":"","_tribe_tickets_list":"[]","_tribe_ticket_has_attendee_info_fields":false,"footnotes":"","_tec_slr_enabled":"","_tec_slr_layout":""},"class_list":["post-569","page","type-page","status-publish","hentry","row panel panel-primary"],"ticketed":false,"_links":{"self":[{"href":"http:\/\/www.neulingschule.de\/neulingschule-wp\/wp-json\/wp\/v2\/pages\/569","targetHints":{"allow":["GET"]}}],"collection":[{"href":"http:\/\/www.neulingschule.de\/neulingschule-wp\/wp-json\/wp\/v2\/pages"}],"about":[{"href":"http:\/\/www.neulingschule.de\/neulingschule-wp\/wp-json\/wp\/v2\/types\/page"}],"author":[{"embeddable":true,"href":"http:\/\/www.neulingschule.de\/neulingschule-wp\/wp-json\/wp\/v2\/users\/2"}],"replies":[{"embeddable":true,"href":"http:\/\/www.neulingschule.de\/neulingschule-wp\/wp-json\/wp\/v2\/comments?post=569"}],"version-history":[{"count":1,"href":"http:\/\/www.neulingschule.de\/neulingschule-wp\/wp-json\/wp\/v2\/pages\/569\/revisions"}],"predecessor-version":[{"id":571,"href":"http:\/\/www.neulingschule.de\/neulingschule-wp\/wp-json\/wp\/v2\/pages\/569\/revisions\/571"}],"up":[{"embeddable":true,"href":"http:\/\/www.neulingschule.de\/neulingschule-wp\/wp-json\/wp\/v2\/pages\/94"}],"wp:attachment":[{"href":"http:\/\/www.neulingschule.de\/neulingschule-wp\/wp-json\/wp\/v2\/media?parent=569"}],"curies":[{"name":"wp","href":"https:\/\/api.w.org\/{rel}","templated":true}]}}