{"id":4387,"date":"2020-05-15T10:11:49","date_gmt":"2020-05-15T08:11:49","guid":{"rendered":"http:\/\/www.neulingschule.de\/neulingschule-wp\/?page_id=4387"},"modified":"2020-05-15T10:11:49","modified_gmt":"2020-05-15T08:11:49","slug":"organisatorische-hygienemassnahmen","status":"publish","type":"page","link":"http:\/\/www.neulingschule.de\/neulingschule-wp\/unsere-schule\/organisatorische-hygienemassnahmen\/","title":{"rendered":"Organisatorische Hygienema\u00dfnahmen"},"content":{"rendered":"\n<p>zur Einhaltung der Hygienema\u00dfnahmen in Pandemie-Zeiten<\/p>\n\n\n\n<p>G\u00fcltig ab: 18.05.2020<\/p>\n\n\n\n<p><strong>Einleitung<\/strong><\/p>\n\n\n\n<p>Die Einhaltung der Hygieneregeln, Niesetikette, Abstandsregel und Regeln zum H\u00e4ndewaschen sind ein wirksamer Schutz vor der Ausbreitung eines Virus. Daher ist es unverzichtbar, dass sich alle Beteiligten daran halten. Die Regeln m\u00fcssen im Elternhaus und in der Schule besprochen werden und es wird darauf geachtet, dass die Kinder sich daran halten.<\/p>\n\n\n\n<p><strong>Allgemein<\/strong><\/p>\n\n\n\n<ul class=\"wp-block-list\"><li>In der gesamten Schule gilt das Rechtsgehgebot. Zur Verdeutlichung sind auf dem Boden Markierungen angebracht.<\/li><li>Material (Stifte, Kleber, Scheren, Pausenmaterial\u2026) darf zwischen den Kindern nicht geteilt werden. Gemeinschaftliches Material in den Klassen darf nicht benutzt werden.<\/li><li>W\u00e4hrend des Unterrichtes darf nicht getrunken und gegessen werden.<\/li><li>Es ist eine Reinigungskraft vor Ort, die zwischendurch die Toiletten reinigt und f\u00fcr Nachschub bei Handtuchpapier und Seife sorgt.<\/li><li>In den Pausen werden Bewegungsspiele angeboten, die den Abstand wahren.<\/li><li>F\u00fcr die Pause k\u00f6nnen die Kinder ihren eigenen Roller, der drau\u00dfen (abgeschlossen) abgestellt wird, Springseile, Jonglierb\u00e4lle u.\u00e4. f\u00fcr den pers\u00f6nlichen Gebrauch mitbringen.<\/li><li>Auch in der Pause gilt das Abstandsgebot.<\/li><li>Es gibt keine Maskenpflicht. Die Kinder d\u00fcrfen aber eine Maske tragen, wenn die Eltern der Kinder das wollen. Dies w\u00e4re vor allem f\u00fcr die Pause sinnvoll, da beim Toben die Abstandsregel f\u00fcr die Kinder schwerer einzuhalten ist. Gleiches gilt f\u00fcr Begegnungen im Flur.<\/li><li>Kinder mit Erk\u00e4ltungssymptomen \u2013 auch wenn sie nur leicht sind \u2013 d\u00fcrfen nicht zur Schule kommen.<\/li><li>H\u00e4ndewaschen (unter Einhaltung der Vorgaben des RKI)<ul><li>beim Betreten des Klassenraums<\/li><\/ul><ul><li>vor dem Fr\u00fchst\u00fcck<\/li><\/ul><ul><li>nach dem Toilettengang<\/li><\/ul><\/li><li>Die Jacken werden mit in die Klasse genommen und \u00fcber die Stuhllehne gelegt.<\/li><li>Eltern von Kindern mit Vorerkrankungen nehmen mit der Schulleitung Kontakt auf und besprechen das weitere Vorgehen.<\/li><li>Das Betreten des Schulgel\u00e4ndes f\u00fcr Eltern ist nur in Notf\u00e4llen und zur Abholung aus der Notbetreuung\/OGS zul\u00e4ssig.<\/li><li>Jede Lerngruppe\/Notbetreungsgruppe hat ihre eigene markierte Toilette.<\/li><\/ul>\n\n\n\n<p><strong>Pr\u00e4senzunterricht<\/strong><\/p>\n\n\n\n<ul class=\"wp-block-list\"><li>Die Kinder d\u00fcrfen den Schulhof erst 5 Minuten vor <strong>Schulbeginn (ge\u00e4nderte Unterrichtszeiten!!)<\/strong> betreten. Die Kinder d\u00fcrfen nicht zu fr\u00fch geschickt werden, damit es zu keinen Wartezeiten kommt<\/li><li>Auf dem Schulhof stellen die Kinder der 3.\/4. Klassen sich am Eingang in einen der aufgemalten Kreise, die Kinder der 1.\/2. Klassen auf die roten Kreuze auf und warten bis die Lehrerin sie abholt.<\/li><li>In der gesamten Zeit gilt das Abstandsgebot von 1,50m<\/li><li>Bevor die Kinder auf ihren Platz gehen, waschen sie sich die H\u00e4nde. Die anderen Kinder warten in der Zeit mit Abstand auf dem Flur. Dort befinden sich Markierungen \u00e4hnlich wie in den Gesch\u00e4ften.<\/li><li>Jedes Kind geht direkt zu seinem zugewiesenen Platz. Dieser bleibt in der ganzen Zeit derselbe.<\/li><li>F\u00fcr den Toilettenbesuch werden Zeiten festgelegt. Es w\u00e4re daher von Vorteil, wenn die Kinder, bevor sie zur Schule gehen, noch einmal zur Toilette gehen.<\/li><li>In einem Klassenraum werden maximal 9 Sch\u00fclerinnen und Sch\u00fcler betreut. Daher werden die Klassen in 3 Gruppen eingeteilt, die zu unterschiedlichen Zeiten unterrichtet werden<\/li><li>Alle in der Schule anwesenden Gruppen haben einen unterschiedlichen Unterrichtsbeginn und Pausenzeiten.<\/li><li>Die Beschulung findet in unterschiedlichen R\u00e4umen statt.<\/li><li>Nach Unterrichtsschluss muss das Schulgel\u00e4nde schnellstm\u00f6glich verlassen werden.<\/li><\/ul>\n\n\n\n<p><strong>Notbetreuung<\/strong><\/p>\n\n\n\n<ul class=\"wp-block-list\"><li>Die Notbetreuung betritt die Schule diese den OGS-Eingang. Sie stellen sich dort in den roten Kreisen vor diesem Eingang auf.<\/li><li>Die Notgruppen werden in den R\u00e4umen der OGS betreut.<\/li><li>Am Pr\u00e4senztag gehen die Kinder, die an der Notbetreuung teilnehmen, nach dem Unterricht in ihren Notbetreuungsraum.<\/li><li>Die Notbetreuungskinder haben eine Zeitkorridor, in denen sie die Schule betreten m\u00fcssen:<ul><li>07:30 \u2013 07:50 Uhr<\/li><\/ul><ul><li>08:30 \u2013 08:45 Uhr<\/li><\/ul><\/li><li>Die Kinder k\u00f6nnen nur zu folgenden Zeiten abgeholt\/geschickt werden:<br><br>11:35 Uhr; 13:20 Uhr; 14:00 Uhr; 15:00 Uhr; 16:00 Uhr, 16:30 Uhr<\/li><\/ul>\n\n\n\n<p><strong>Betreuung\/OGS an Pr\u00e4senztagen<\/strong><\/p>\n\n\n\n<ul class=\"wp-block-list\"><li>Die Fr\u00fchbetreuung vor dem Unterricht entf\u00e4llt. Die Kinder kommen kurz vor Unterrichtsbeginn und stellen sich direkt auf.<\/li><\/ul>\n\n\n\n<ul class=\"wp-block-list\"><li>Die Kinder k\u00f6nnen nur zu folgenden Zeiten abgeholt\/geschickt werden:<br><br>13:20 Uhr; 14:00 Uhr; 15:00 Uhr; 16:00 Uhr, 16:30 Uhr<\/li><\/ul>\n\n\n\n<ul class=\"wp-block-list\"><li>Die Betreuung\/OGS findet in folgenden Klassenr\u00e4umen statt:<br><ul><li>1b f\u00fcr Klassen 1\/2<\/li><li>3a f\u00fcr Klassen 3\/4<\/li><\/ul><\/li><\/ul>\n","protected":false},"excerpt":{"rendered":"<p>zur Einhaltung der Hygienema\u00dfnahmen in Pandemie-Zeiten G\u00fcltig ab: 18.05.2020 Einleitung Die Einhaltung der Hygieneregeln, Niesetikette, Abstandsregel und Regeln zum H\u00e4ndewaschen sind ein wirksamer Schutz vor der Ausbreitung eines Virus. Daher &#8230;<br \/><a class=\"btn btn-primary btn-sm read-more\" href=\"http:\/\/www.neulingschule.de\/neulingschule-wp\/unsere-schule\/organisatorische-hygienemassnahmen\/\" role=\"button\">Read more<\/a><\/p>\n","protected":false},"author":2,"featured_media":0,"parent":51,"menu_order":0,"comment_status":"closed","ping_status":"closed","template":"","meta":{"_price":"","_stock":"","_tribe_ticket_header":"","_tribe_default_ticket_provider":"","_tribe_ticket_capacity":"0","_ticket_start_date":"","_ticket_end_date":"","_tribe_ticket_show_description":"","_tribe_ticket_show_not_going":false,"_tribe_ticket_use_global_stock":"","_tribe_ticket_global_stock_level":"","_global_stock_mode":"","_global_stock_cap":"","_tribe_rsvp_for_event":"","_tribe_ticket_going_count":"","_tribe_ticket_not_going_count":"","_tribe_tickets_list":"[]","_tribe_ticket_has_attendee_info_fields":false,"footnotes":"","_tec_slr_enabled":"","_tec_slr_layout":""},"class_list":["post-4387","page","type-page","status-publish","hentry","row panel panel-primary"],"ticketed":false,"_links":{"self":[{"href":"http:\/\/www.neulingschule.de\/neulingschule-wp\/wp-json\/wp\/v2\/pages\/4387","targetHints":{"allow":["GET"]}}],"collection":[{"href":"http:\/\/www.neulingschule.de\/neulingschule-wp\/wp-json\/wp\/v2\/pages"}],"about":[{"href":"http:\/\/www.neulingschule.de\/neulingschule-wp\/wp-json\/wp\/v2\/types\/page"}],"author":[{"embeddable":true,"href":"http:\/\/www.neulingschule.de\/neulingschule-wp\/wp-json\/wp\/v2\/users\/2"}],"replies":[{"embeddable":true,"href":"http:\/\/www.neulingschule.de\/neulingschule-wp\/wp-json\/wp\/v2\/comments?post=4387"}],"version-history":[{"count":4,"href":"http:\/\/www.neulingschule.de\/neulingschule-wp\/wp-json\/wp\/v2\/pages\/4387\/revisions"}],"predecessor-version":[{"id":4391,"href":"http:\/\/www.neulingschule.de\/neulingschule-wp\/wp-json\/wp\/v2\/pages\/4387\/revisions\/4391"}],"up":[{"embeddable":true,"href":"http:\/\/www.neulingschule.de\/neulingschule-wp\/wp-json\/wp\/v2\/pages\/51"}],"wp:attachment":[{"href":"http:\/\/www.neulingschule.de\/neulingschule-wp\/wp-json\/wp\/v2\/media?parent=4387"}],"curies":[{"name":"wp","href":"https:\/\/api.w.org\/{rel}","templated":true}]}}