{"id":4280,"date":"2020-02-26T07:56:17","date_gmt":"2020-02-26T06:56:17","guid":{"rendered":"http:\/\/www.neulingschule.de\/neulingschule-wp\/?page_id=4280"},"modified":"2022-04-29T10:41:44","modified_gmt":"2022-04-29T08:41:44","slug":"intern","status":"publish","type":"page","link":"http:\/\/www.neulingschule.de\/neulingschule-wp\/intern\/","title":{"rendered":"Intern"},"content":{"rendered":"\n<p>F\u00fcr die Meldung ben\u00f6tigen Sie die Zugangsdaten ihres Kindes zu Teams<\/p>\n\n\n\n<p><a href=\"https:\/\/forms.office.com\/Pages\/ResponsePage.aspx?id=MQcZH7K5eUiP4jJtP1sP7nPYdpoXL6hPvI0Pw_R9Vx9UQk82MUJWMTAwR0VHSERWTUNRRFhCQkFRRS4u\">Meldung Freitestung<\/a><\/p>\n\n\n\n<p><a href=\"https:\/\/forms.office.com\/Pages\/ResponsePage.aspx?id=MQcZH7K5eUiP4jJtP1sP7nPYdpoXL6hPvI0Pw_R9Vx9UOUo1M1lTM01CVVRFWUFNMDM0SUVZNU9TWS4u\">Meldung Quarant\u00e4nen \/ Isolation<\/a><\/p>\n\n\n\n<p><a href=\"https:\/\/neulingschulede-my.sharepoint.com\/:x:\/g\/personal\/info_neulingschule_de\/EaJ0PpK0aU5PqLcsQLDMWLwBXIGhFfZMuNJKkRxYOzRnPA?e=5am4kM\">Vertretungsplan<\/a><\/p>\n","protected":false},"excerpt":{"rendered":"<p>F\u00fcr die Meldung ben\u00f6tigen Sie die Zugangsdaten ihres Kindes zu Teams Meldung Freitestung Meldung Quarant\u00e4nen \/ Isolation Vertretungsplan<\/p>\n","protected":false},"author":2,"featured_media":0,"parent":0,"menu_order":0,"comment_status":"closed","ping_status":"closed","template":"","meta":{"_price":"","_stock":"","_tribe_ticket_header":"","_tribe_default_ticket_provider":"","_tribe_ticket_capacity":"0","_ticket_start_date":"","_ticket_end_date":"","_tribe_ticket_show_description":"","_tribe_ticket_show_not_going":false,"_tribe_ticket_use_global_stock":"","_tribe_ticket_global_stock_level":"","_global_stock_mode":"","_global_stock_cap":"","_tribe_rsvp_for_event":"","_tribe_ticket_going_count":"","_tribe_ticket_not_going_count":"","_tribe_tickets_list":"[]","_tribe_ticket_has_attendee_info_fields":false,"footnotes":"","_tec_slr_enabled":"","_tec_slr_layout":""},"class_list":["post-4280","page","type-page","status-publish","hentry","row panel panel-primary"],"ticketed":false,"_links":{"self":[{"href":"http:\/\/www.neulingschule.de\/neulingschule-wp\/wp-json\/wp\/v2\/pages\/4280","targetHints":{"allow":["GET"]}}],"collection":[{"href":"http:\/\/www.neulingschule.de\/neulingschule-wp\/wp-json\/wp\/v2\/pages"}],"about":[{"href":"http:\/\/www.neulingschule.de\/neulingschule-wp\/wp-json\/wp\/v2\/types\/page"}],"author":[{"embeddable":true,"href":"http:\/\/www.neulingschule.de\/neulingschule-wp\/wp-json\/wp\/v2\/users\/2"}],"replies":[{"embeddable":true,"href":"http:\/\/www.neulingschule.de\/neulingschule-wp\/wp-json\/wp\/v2\/comments?post=4280"}],"version-history":[{"count":9,"href":"http:\/\/www.neulingschule.de\/neulingschule-wp\/wp-json\/wp\/v2\/pages\/4280\/revisions"}],"predecessor-version":[{"id":5020,"href":"http:\/\/www.neulingschule.de\/neulingschule-wp\/wp-json\/wp\/v2\/pages\/4280\/revisions\/5020"}],"wp:attachment":[{"href":"http:\/\/www.neulingschule.de\/neulingschule-wp\/wp-json\/wp\/v2\/media?parent=4280"}],"curies":[{"name":"wp","href":"https:\/\/api.w.org\/{rel}","templated":true}]}}