{"id":348,"date":"2016-04-24T15:02:00","date_gmt":"2016-04-24T13:02:00","guid":{"rendered":"http:\/\/www.neulingschule.de\/neulingschule-wp\/?page_id=348"},"modified":"2016-04-24T15:02:48","modified_gmt":"2016-04-24T13:02:48","slug":"elternlotsen","status":"publish","type":"page","link":"http:\/\/www.neulingschule.de\/neulingschule-wp\/infos-und-termine\/info-abc\/elternlotsen\/","title":{"rendered":"Elternlotsen"},"content":{"rendered":"<p style=\"text-align: justify;\">Seit 1979 ist es an unserer Schule Tradition, dass sich Eltern der ersten Klassen als Elternlotsen zur Verf\u00fcgung stellen, um ein- bis zweimal in der Woche &#8211; je nach Bedarf &#8211; die Kinder vor Schulbeginn und nach der Unterrichtszeit sicher \u00fcber die Stra\u00dfe zu geleiten.<\/p>\n<p>Sollten Sie zu den Eltern der Erstkl\u00e4ssler geh\u00f6ren, die diesen Lotsendienst zeitlich einrichten k\u00f6nnen, geben Sie bitte der Schule m\u00f6glichst fr\u00fchzeitig Bescheid.<\/p>\n<p>Damit sich die neuen Eltern auf ihren Lotsendienst vorbereiten k\u00f6nnen, \u00fcbernehmen die ehemaligen Lotsen den Dienst auch f\u00fcr die ersten drei Schulwochen des folgenden Schuljahres. Unser zust\u00e4ndiger Bezirksbeamter Herr Laatz (von der Polizeidienststelle Bochum-S\u00fcdwest) weist die Eltern in ihre neue Aufgabe ein und erstellt gemeinsam mit ihnen einen Zeitplan. F\u00fcr den Zeitraum ihres Lotsendienstes bekommen die Eltern von der Schule eine Signal-Kelle und eine Lotsenjacke zur Verf\u00fcgung gestellt.<\/p>\n","protected":false},"excerpt":{"rendered":"<p>Seit 1979 ist es an unserer Schule Tradition, dass sich Eltern der ersten Klassen als Elternlotsen zur Verf\u00fcgung stellen, um ein- bis zweimal in der Woche &#8211; je nach Bedarf &#8230;<br \/><a class=\"btn btn-primary btn-sm read-more\" href=\"http:\/\/www.neulingschule.de\/neulingschule-wp\/infos-und-termine\/info-abc\/elternlotsen\/\" role=\"button\">Read more<\/a><\/p>\n","protected":false},"author":2,"featured_media":0,"parent":94,"menu_order":0,"comment_status":"closed","ping_status":"closed","template":"","meta":{"_price":"","_stock":"","_tribe_ticket_header":"","_tribe_default_ticket_provider":"","_tribe_ticket_capacity":"0","_ticket_start_date":"","_ticket_end_date":"","_tribe_ticket_show_description":"","_tribe_ticket_show_not_going":false,"_tribe_ticket_use_global_stock":"","_tribe_ticket_global_stock_level":"","_global_stock_mode":"","_global_stock_cap":"","_tribe_rsvp_for_event":"","_tribe_ticket_going_count":"","_tribe_ticket_not_going_count":"","_tribe_tickets_list":"[]","_tribe_ticket_has_attendee_info_fields":false,"footnotes":"","_tec_slr_enabled":"","_tec_slr_layout":""},"class_list":["post-348","page","type-page","status-publish","hentry","row panel panel-primary"],"ticketed":false,"_links":{"self":[{"href":"http:\/\/www.neulingschule.de\/neulingschule-wp\/wp-json\/wp\/v2\/pages\/348","targetHints":{"allow":["GET"]}}],"collection":[{"href":"http:\/\/www.neulingschule.de\/neulingschule-wp\/wp-json\/wp\/v2\/pages"}],"about":[{"href":"http:\/\/www.neulingschule.de\/neulingschule-wp\/wp-json\/wp\/v2\/types\/page"}],"author":[{"embeddable":true,"href":"http:\/\/www.neulingschule.de\/neulingschule-wp\/wp-json\/wp\/v2\/users\/2"}],"replies":[{"embeddable":true,"href":"http:\/\/www.neulingschule.de\/neulingschule-wp\/wp-json\/wp\/v2\/comments?post=348"}],"version-history":[{"count":3,"href":"http:\/\/www.neulingschule.de\/neulingschule-wp\/wp-json\/wp\/v2\/pages\/348\/revisions"}],"predecessor-version":[{"id":351,"href":"http:\/\/www.neulingschule.de\/neulingschule-wp\/wp-json\/wp\/v2\/pages\/348\/revisions\/351"}],"up":[{"embeddable":true,"href":"http:\/\/www.neulingschule.de\/neulingschule-wp\/wp-json\/wp\/v2\/pages\/94"}],"wp:attachment":[{"href":"http:\/\/www.neulingschule.de\/neulingschule-wp\/wp-json\/wp\/v2\/media?parent=348"}],"curies":[{"name":"wp","href":"https:\/\/api.w.org\/{rel}","templated":true}]}}