{"id":344,"date":"2016-04-24T14:57:53","date_gmt":"2016-04-24T12:57:53","guid":{"rendered":"http:\/\/www.neulingschule.de\/neulingschule-wp\/?page_id=344"},"modified":"2016-04-24T15:01:03","modified_gmt":"2016-04-24T13:01:03","slug":"schulkonferenz","status":"publish","type":"page","link":"http:\/\/www.neulingschule.de\/neulingschule-wp\/schulleben\/elternbeteiligung\/schulkonferenz\/","title":{"rendered":"Schulkonferenz"},"content":{"rendered":"<p>Die Zahl der Mitglieder der Schulkonferenz richtet sich nach der Anzahl der Sch\u00fcler. In der Primarstufe setzen sich die Mitglieder zu gleichen Teilen aus Eltern und Lehrern zusammen. An den weiterf\u00fchrenden Schulen sind auch die Sch\u00fcler Mitglieder der Schulkonferenz. Die Mitglieder werden entsprechend ihrer Zugeh\u00f6rigkeit in der Lehrerkonferenz, der Schulpflegschaft oder dem Sch\u00fclerrat gew\u00e4hlt. Die Schulkonferenz hat eine Vielzahl von Aufgaben, die im Schulmitwirkungsgesetz aufgef\u00fchrt werden. Vorsitzender der Schulkonferenz ist der Schulleiter. Er hat die Verhandlungsf\u00fchrung und kann f\u00fcr die Schulkonferenz Antr\u00e4ge stellen. Er hat jedoch kein Stimmrecht, lediglich bei Stimmengleichheit gibt seine Stimme den Ausschlag.<\/p>\n<p>Den genauen Gesetzestext des Schulgesetzes k\u00f6nnen Sie, als Mitwirkungsberechtigte, ebenso wie alle Texte, die die Schule betreffen, an Ihrer Schule einsehen oder ausleihen. Au\u00dferdem besteht die M\u00f6glichkeit sie <a href=\"http:\/\/www.neulingschule.de\/eltern-schmg.html\" target=\"content\">downzuloaden<\/a>. Die zur Erf\u00fcllung notwendigen Einrichtungen (z.B. Schreibdienst, Papier, Matrizen, Vervielf\u00e4ltigungsapparate) werden den Mitwirkungsgremien von der Schule zur Verf\u00fcgung gestellt.<\/p>\n","protected":false},"excerpt":{"rendered":"<p>Die Zahl der Mitglieder der Schulkonferenz richtet sich nach der Anzahl der Sch\u00fcler. In der Primarstufe setzen sich die Mitglieder zu gleichen Teilen aus Eltern und Lehrern zusammen. An den &#8230;<br \/><a class=\"btn btn-primary btn-sm read-more\" href=\"http:\/\/www.neulingschule.de\/neulingschule-wp\/schulleben\/elternbeteiligung\/schulkonferenz\/\" role=\"button\">Read more<\/a><\/p>\n","protected":false},"author":2,"featured_media":0,"parent":91,"menu_order":0,"comment_status":"closed","ping_status":"closed","template":"","meta":{"_price":"","_stock":"","_tribe_ticket_header":"","_tribe_default_ticket_provider":"","_tribe_ticket_capacity":"0","_ticket_start_date":"","_ticket_end_date":"","_tribe_ticket_show_description":"","_tribe_ticket_show_not_going":false,"_tribe_ticket_use_global_stock":"","_tribe_ticket_global_stock_level":"","_global_stock_mode":"","_global_stock_cap":"","_tribe_rsvp_for_event":"","_tribe_ticket_going_count":"","_tribe_ticket_not_going_count":"","_tribe_tickets_list":"[]","_tribe_ticket_has_attendee_info_fields":false,"footnotes":"","_tec_slr_enabled":"","_tec_slr_layout":""},"class_list":["post-344","page","type-page","status-publish","hentry","row panel panel-primary"],"ticketed":false,"_links":{"self":[{"href":"http:\/\/www.neulingschule.de\/neulingschule-wp\/wp-json\/wp\/v2\/pages\/344","targetHints":{"allow":["GET"]}}],"collection":[{"href":"http:\/\/www.neulingschule.de\/neulingschule-wp\/wp-json\/wp\/v2\/pages"}],"about":[{"href":"http:\/\/www.neulingschule.de\/neulingschule-wp\/wp-json\/wp\/v2\/types\/page"}],"author":[{"embeddable":true,"href":"http:\/\/www.neulingschule.de\/neulingschule-wp\/wp-json\/wp\/v2\/users\/2"}],"replies":[{"embeddable":true,"href":"http:\/\/www.neulingschule.de\/neulingschule-wp\/wp-json\/wp\/v2\/comments?post=344"}],"version-history":[{"count":3,"href":"http:\/\/www.neulingschule.de\/neulingschule-wp\/wp-json\/wp\/v2\/pages\/344\/revisions"}],"predecessor-version":[{"id":347,"href":"http:\/\/www.neulingschule.de\/neulingschule-wp\/wp-json\/wp\/v2\/pages\/344\/revisions\/347"}],"up":[{"embeddable":true,"href":"http:\/\/www.neulingschule.de\/neulingschule-wp\/wp-json\/wp\/v2\/pages\/91"}],"wp:attachment":[{"href":"http:\/\/www.neulingschule.de\/neulingschule-wp\/wp-json\/wp\/v2\/media?parent=344"}],"curies":[{"name":"wp","href":"https:\/\/api.w.org\/{rel}","templated":true}]}}