{"id":338,"date":"2016-04-24T14:56:32","date_gmt":"2016-04-24T12:56:32","guid":{"rendered":"http:\/\/www.neulingschule.de\/neulingschule-wp\/?page_id=338"},"modified":"2016-04-24T14:58:19","modified_gmt":"2016-04-24T12:58:19","slug":"klassenpflegschaft","status":"publish","type":"page","link":"http:\/\/www.neulingschule.de\/neulingschule-wp\/schulleben\/elternbeteiligung\/klassenpflegschaft\/","title":{"rendered":"Klassenpflegschaft"},"content":{"rendered":"<p>Alle Eltern einer Klasse bilden die Klassenpflegschaft. Aus ihrer Mitte wird zu Beginn eines jeden Schuljahres der Klassenpflegschaftsvorsitzende und sein Stellvertreter gew\u00e4hlt. Der Gesetzestext sieht eine Beteiligung der Pflegschaft an der Bildungs- und Erziehungsarbeit in der Klasse vor.<\/p>\n<p>Darunter fallen u.a. Beratungen \u00fcber Art und Umfang der Hausaufgaben, Durchf\u00fchrung von Leistungs\u00fcberpr\u00fcfungen, Einrichtung freiwilliger Arbeitsgemeinschaften, Schulveranstaltungen au\u00dferhalb der Schule, Anregungen zur Einf\u00fchrung von Lehrmitteln, Bew\u00e4ltigung von Erziehungsschwierigkeiten, die Auswahl der Unterrichtsinhalte im Rahmen der Lehrplanrichtlinien, aber auch praktische Hilfen, wie die Begleitung von Schulausfl\u00fcgen, das Organisieren von Klassenfesten usw.<\/p>\n<p>Die Sitzungen der Klassenpflegschaft finden in der Regel zwei Mal (bei Bedarf auch h\u00e4ufiger) im Schuljahr statt und werden vom Klassenpflegschaftsvorsitzenden einberufen. An den Sitzungen der Klassenpflegschaft nimmt der Klassenlehrer mit beratender Stimme teil.<\/p>\n","protected":false},"excerpt":{"rendered":"<p>Alle Eltern einer Klasse bilden die Klassenpflegschaft. Aus ihrer Mitte wird zu Beginn eines jeden Schuljahres der Klassenpflegschaftsvorsitzende und sein Stellvertreter gew\u00e4hlt. Der Gesetzestext sieht eine Beteiligung der Pflegschaft an &#8230;<br \/><a class=\"btn btn-primary btn-sm read-more\" href=\"http:\/\/www.neulingschule.de\/neulingschule-wp\/schulleben\/elternbeteiligung\/klassenpflegschaft\/\" role=\"button\">Read more<\/a><\/p>\n","protected":false},"author":2,"featured_media":0,"parent":91,"menu_order":0,"comment_status":"closed","ping_status":"closed","template":"","meta":{"_price":"","_stock":"","_tribe_ticket_header":"","_tribe_default_ticket_provider":"","_tribe_ticket_capacity":"0","_ticket_start_date":"","_ticket_end_date":"","_tribe_ticket_show_description":"","_tribe_ticket_show_not_going":false,"_tribe_ticket_use_global_stock":"","_tribe_ticket_global_stock_level":"","_global_stock_mode":"","_global_stock_cap":"","_tribe_rsvp_for_event":"","_tribe_ticket_going_count":"","_tribe_ticket_not_going_count":"","_tribe_tickets_list":"[]","_tribe_ticket_has_attendee_info_fields":false,"footnotes":"","_tec_slr_enabled":"","_tec_slr_layout":""},"class_list":["post-338","page","type-page","status-publish","hentry","row panel panel-primary"],"ticketed":false,"_links":{"self":[{"href":"http:\/\/www.neulingschule.de\/neulingschule-wp\/wp-json\/wp\/v2\/pages\/338","targetHints":{"allow":["GET"]}}],"collection":[{"href":"http:\/\/www.neulingschule.de\/neulingschule-wp\/wp-json\/wp\/v2\/pages"}],"about":[{"href":"http:\/\/www.neulingschule.de\/neulingschule-wp\/wp-json\/wp\/v2\/types\/page"}],"author":[{"embeddable":true,"href":"http:\/\/www.neulingschule.de\/neulingschule-wp\/wp-json\/wp\/v2\/users\/2"}],"replies":[{"embeddable":true,"href":"http:\/\/www.neulingschule.de\/neulingschule-wp\/wp-json\/wp\/v2\/comments?post=338"}],"version-history":[{"count":1,"href":"http:\/\/www.neulingschule.de\/neulingschule-wp\/wp-json\/wp\/v2\/pages\/338\/revisions"}],"predecessor-version":[{"id":340,"href":"http:\/\/www.neulingschule.de\/neulingschule-wp\/wp-json\/wp\/v2\/pages\/338\/revisions\/340"}],"up":[{"embeddable":true,"href":"http:\/\/www.neulingschule.de\/neulingschule-wp\/wp-json\/wp\/v2\/pages\/91"}],"wp:attachment":[{"href":"http:\/\/www.neulingschule.de\/neulingschule-wp\/wp-json\/wp\/v2\/media?parent=338"}],"curies":[{"name":"wp","href":"https:\/\/api.w.org\/{rel}","templated":true}]}}