{"id":313,"date":"2016-04-22T10:32:52","date_gmt":"2016-04-22T08:32:52","guid":{"rendered":"http:\/\/www.neulingschule.de\/neulingschule-wp\/?page_id=313"},"modified":"2016-09-21T11:26:29","modified_gmt":"2016-09-21T09:26:29","slug":"sportunterricht","status":"publish","type":"page","link":"http:\/\/www.neulingschule.de\/neulingschule-wp\/infos-und-termine\/info-abc\/sportunterricht\/","title":{"rendered":"Sportunterricht"},"content":{"rendered":"<p>Die Neulingschule verf\u00fcgt \u00fcber keine eigene Sporthalle. Der Sportunterricht findet daher in der Sporthalle der Berufsschule Karl-Friedrich-Stra\u00dfe statt. Im Sommer steht uns au\u00dferdem der Sportplatz Roomersheide und der Schulhof zur Verf\u00fcgung.<\/p>\n<p>Zum Schwimmunterricht nutzen die Klassen 1 und 2 das Lehrschwimmbecken der Regenbogenschule\u00a0oder der Brenschederschule, die Klassen 3 und 4 fahren mit dem Bus in das Uni-Schwimmbad in Querenburg bzw. das S\u00fcdbad in Linden.<\/p>\n","protected":false},"excerpt":{"rendered":"<p>Die Neulingschule verf\u00fcgt \u00fcber keine eigene Sporthalle. Der Sportunterricht findet daher in der Sporthalle der Berufsschule Karl-Friedrich-Stra\u00dfe statt. Im Sommer steht uns au\u00dferdem der Sportplatz Roomersheide und der Schulhof zur &#8230;<br \/><a class=\"btn btn-primary btn-sm read-more\" href=\"http:\/\/www.neulingschule.de\/neulingschule-wp\/infos-und-termine\/info-abc\/sportunterricht\/\" role=\"button\">Read more<\/a><\/p>\n","protected":false},"author":2,"featured_media":0,"parent":94,"menu_order":0,"comment_status":"closed","ping_status":"closed","template":"","meta":{"_price":"","_stock":"","_tribe_ticket_header":"","_tribe_default_ticket_provider":"","_tribe_ticket_capacity":"0","_ticket_start_date":"","_ticket_end_date":"","_tribe_ticket_show_description":"","_tribe_ticket_show_not_going":false,"_tribe_ticket_use_global_stock":"","_tribe_ticket_global_stock_level":"","_global_stock_mode":"","_global_stock_cap":"","_tribe_rsvp_for_event":"","_tribe_ticket_going_count":"","_tribe_ticket_not_going_count":"","_tribe_tickets_list":"[]","_tribe_ticket_has_attendee_info_fields":false,"footnotes":"","_tec_slr_enabled":"","_tec_slr_layout":""},"class_list":["post-313","page","type-page","status-publish","hentry","row panel panel-primary"],"ticketed":false,"_links":{"self":[{"href":"http:\/\/www.neulingschule.de\/neulingschule-wp\/wp-json\/wp\/v2\/pages\/313","targetHints":{"allow":["GET"]}}],"collection":[{"href":"http:\/\/www.neulingschule.de\/neulingschule-wp\/wp-json\/wp\/v2\/pages"}],"about":[{"href":"http:\/\/www.neulingschule.de\/neulingschule-wp\/wp-json\/wp\/v2\/types\/page"}],"author":[{"embeddable":true,"href":"http:\/\/www.neulingschule.de\/neulingschule-wp\/wp-json\/wp\/v2\/users\/2"}],"replies":[{"embeddable":true,"href":"http:\/\/www.neulingschule.de\/neulingschule-wp\/wp-json\/wp\/v2\/comments?post=313"}],"version-history":[{"count":2,"href":"http:\/\/www.neulingschule.de\/neulingschule-wp\/wp-json\/wp\/v2\/pages\/313\/revisions"}],"predecessor-version":[{"id":1348,"href":"http:\/\/www.neulingschule.de\/neulingschule-wp\/wp-json\/wp\/v2\/pages\/313\/revisions\/1348"}],"up":[{"embeddable":true,"href":"http:\/\/www.neulingschule.de\/neulingschule-wp\/wp-json\/wp\/v2\/pages\/94"}],"wp:attachment":[{"href":"http:\/\/www.neulingschule.de\/neulingschule-wp\/wp-json\/wp\/v2\/media?parent=313"}],"curies":[{"name":"wp","href":"https:\/\/api.w.org\/{rel}","templated":true}]}}