{"id":268,"date":"2016-04-21T10:57:49","date_gmt":"2016-04-21T08:57:49","guid":{"rendered":"http:\/\/www.neulingschule.de\/neulingschule-wp\/?page_id=268"},"modified":"2025-07-24T12:46:02","modified_gmt":"2025-07-24T10:46:02","slug":"fremdsprachenunterricht","status":"publish","type":"page","link":"http:\/\/www.neulingschule.de\/neulingschule-wp\/infos-und-termine\/info-abc\/fremdsprachenunterricht\/","title":{"rendered":"Fremdsprachenunterricht"},"content":{"rendered":"<p>Laut Schulgesetz haben alle Kinder ab der 3. Klasse Englisch als dreist\u00fcndiges Unterrichtsfach.<\/p>\n<p>Die Begegnung mit anderen Sprachen ist Bestandteil des gesamten Unterrichts und bisher kein eigenes Unterrichtsfach. Seit Jahren findet an der Neulingschule die Begegnung mit Niederl\u00e4ndisch statt. Wichtigstes Ziel unseres Begegnungssprachenunterrichts ist es, den Kindern unseren unmittelbaren europ\u00e4ischen Nachbarn n\u00e4her zu bringen. So findet j\u00e4hrlich mit den vierten Klassen ein <a href=\"http:\/\/www.neulingschule.de\/neulingschule-wp\/schulleben\/schulpartnerschaft-veghelnl\/\">Sch\u00fcleraustausch<\/a> mit unserer niederl\u00e4ndischen Partnerschule statt.<\/p>\n","protected":false},"excerpt":{"rendered":"<p>Laut Schulgesetz haben alle Kinder ab der 3. Klasse Englisch als dreist\u00fcndiges Unterrichtsfach. Die Begegnung mit anderen Sprachen ist Bestandteil des gesamten Unterrichts und bisher kein eigenes Unterrichtsfach. Seit Jahren &#8230;<br \/><a class=\"btn btn-primary btn-sm read-more\" href=\"http:\/\/www.neulingschule.de\/neulingschule-wp\/infos-und-termine\/info-abc\/fremdsprachenunterricht\/\" role=\"button\">Read more<\/a><\/p>\n","protected":false},"author":2,"featured_media":0,"parent":94,"menu_order":0,"comment_status":"closed","ping_status":"closed","template":"","meta":{"_price":"","_stock":"","_tribe_ticket_header":"","_tribe_default_ticket_provider":"","_tribe_ticket_capacity":"0","_ticket_start_date":"","_ticket_end_date":"","_tribe_ticket_show_description":"","_tribe_ticket_show_not_going":false,"_tribe_ticket_use_global_stock":"","_tribe_ticket_global_stock_level":"","_global_stock_mode":"","_global_stock_cap":"","_tribe_rsvp_for_event":"","_tribe_ticket_going_count":"","_tribe_ticket_not_going_count":"","_tribe_tickets_list":"[]","_tribe_ticket_has_attendee_info_fields":false,"footnotes":"","_tec_slr_enabled":"","_tec_slr_layout":""},"class_list":["post-268","page","type-page","status-publish","hentry","row panel panel-primary"],"ticketed":false,"_links":{"self":[{"href":"http:\/\/www.neulingschule.de\/neulingschule-wp\/wp-json\/wp\/v2\/pages\/268","targetHints":{"allow":["GET"]}}],"collection":[{"href":"http:\/\/www.neulingschule.de\/neulingschule-wp\/wp-json\/wp\/v2\/pages"}],"about":[{"href":"http:\/\/www.neulingschule.de\/neulingschule-wp\/wp-json\/wp\/v2\/types\/page"}],"author":[{"embeddable":true,"href":"http:\/\/www.neulingschule.de\/neulingschule-wp\/wp-json\/wp\/v2\/users\/2"}],"replies":[{"embeddable":true,"href":"http:\/\/www.neulingschule.de\/neulingschule-wp\/wp-json\/wp\/v2\/comments?post=268"}],"version-history":[{"count":2,"href":"http:\/\/www.neulingschule.de\/neulingschule-wp\/wp-json\/wp\/v2\/pages\/268\/revisions"}],"predecessor-version":[{"id":6187,"href":"http:\/\/www.neulingschule.de\/neulingschule-wp\/wp-json\/wp\/v2\/pages\/268\/revisions\/6187"}],"up":[{"embeddable":true,"href":"http:\/\/www.neulingschule.de\/neulingschule-wp\/wp-json\/wp\/v2\/pages\/94"}],"wp:attachment":[{"href":"http:\/\/www.neulingschule.de\/neulingschule-wp\/wp-json\/wp\/v2\/media?parent=268"}],"curies":[{"name":"wp","href":"https:\/\/api.w.org\/{rel}","templated":true}]}}