{"id":260,"date":"2016-04-21T10:51:52","date_gmt":"2016-04-21T08:51:52","guid":{"rendered":"http:\/\/www.neulingschule.de\/neulingschule-wp\/?page_id=260"},"modified":"2016-04-21T10:51:52","modified_gmt":"2016-04-21T08:51:52","slug":"beweglichen-ferientage","status":"publish","type":"page","link":"http:\/\/www.neulingschule.de\/neulingschule-wp\/infos-und-termine\/info-abc\/beweglichen-ferientage\/","title":{"rendered":"Beweglichen Ferientage"},"content":{"rendered":"<p style=\"text-align: justify;\">In jedem Jahr stehen der Schule 3 bis 4 bewegliche Ferientage zur Verf\u00fcgung, wobei f\u00fcr die Bochumer Schulen der Rosenmontag als Brauchtumstag bereits festliegt.\u00a0Die weiteren Tage werden von der Schulkonferenz f\u00fcr das jeweils folgende Schuljahr beschlossen. Eine \u00dcbersicht \u00fcber die aktuellen beweglichen Ferientage f\u00fcr das laufende Schuljahr finden sie im Kalender.<\/p>\n","protected":false},"excerpt":{"rendered":"<p>In jedem Jahr stehen der Schule 3 bis 4 bewegliche Ferientage zur Verf\u00fcgung, wobei f\u00fcr die Bochumer Schulen der Rosenmontag als Brauchtumstag bereits festliegt.\u00a0Die weiteren Tage werden von der Schulkonferenz &#8230;<br \/><a class=\"btn btn-primary btn-sm read-more\" href=\"http:\/\/www.neulingschule.de\/neulingschule-wp\/infos-und-termine\/info-abc\/beweglichen-ferientage\/\" role=\"button\">Read more<\/a><\/p>\n","protected":false},"author":2,"featured_media":0,"parent":94,"menu_order":0,"comment_status":"closed","ping_status":"closed","template":"","meta":{"_price":"","_stock":"","_tribe_ticket_header":"","_tribe_default_ticket_provider":"","_tribe_ticket_capacity":"0","_ticket_start_date":"","_ticket_end_date":"","_tribe_ticket_show_description":"","_tribe_ticket_show_not_going":false,"_tribe_ticket_use_global_stock":"","_tribe_ticket_global_stock_level":"","_global_stock_mode":"","_global_stock_cap":"","_tribe_rsvp_for_event":"","_tribe_ticket_going_count":"","_tribe_ticket_not_going_count":"","_tribe_tickets_list":"[]","_tribe_ticket_has_attendee_info_fields":false,"footnotes":"","_tec_slr_enabled":"","_tec_slr_layout":""},"class_list":["post-260","page","type-page","status-publish","hentry","row panel panel-primary"],"ticketed":false,"_links":{"self":[{"href":"http:\/\/www.neulingschule.de\/neulingschule-wp\/wp-json\/wp\/v2\/pages\/260","targetHints":{"allow":["GET"]}}],"collection":[{"href":"http:\/\/www.neulingschule.de\/neulingschule-wp\/wp-json\/wp\/v2\/pages"}],"about":[{"href":"http:\/\/www.neulingschule.de\/neulingschule-wp\/wp-json\/wp\/v2\/types\/page"}],"author":[{"embeddable":true,"href":"http:\/\/www.neulingschule.de\/neulingschule-wp\/wp-json\/wp\/v2\/users\/2"}],"replies":[{"embeddable":true,"href":"http:\/\/www.neulingschule.de\/neulingschule-wp\/wp-json\/wp\/v2\/comments?post=260"}],"version-history":[{"count":1,"href":"http:\/\/www.neulingschule.de\/neulingschule-wp\/wp-json\/wp\/v2\/pages\/260\/revisions"}],"predecessor-version":[{"id":261,"href":"http:\/\/www.neulingschule.de\/neulingschule-wp\/wp-json\/wp\/v2\/pages\/260\/revisions\/261"}],"up":[{"embeddable":true,"href":"http:\/\/www.neulingschule.de\/neulingschule-wp\/wp-json\/wp\/v2\/pages\/94"}],"wp:attachment":[{"href":"http:\/\/www.neulingschule.de\/neulingschule-wp\/wp-json\/wp\/v2\/media?parent=260"}],"curies":[{"name":"wp","href":"https:\/\/api.w.org\/{rel}","templated":true}]}}