{"id":256,"date":"2016-04-21T10:48:56","date_gmt":"2016-04-21T08:48:56","guid":{"rendered":"http:\/\/www.neulingschule.de\/neulingschule-wp\/?page_id=256"},"modified":"2025-07-24T12:39:08","modified_gmt":"2025-07-24T10:39:08","slug":"befreiung-vom-unterricht-2","status":"publish","type":"page","link":"http:\/\/www.neulingschule.de\/neulingschule-wp\/infos-und-termine\/info-abc\/befreiung-vom-unterricht-2\/","title":{"rendered":"Befreiung vom Unterricht"},"content":{"rendered":"\n<p>Ein Kind kann nur in besonderen Ausnahmef\u00e4llen und in der Regel zeitlich begrenzt auf Antrag der Eltern vom Unterricht in einzelnen F\u00e4chern oder von einzelnen Schulveranstaltungen befreit werden. \u00dcber die Befreiung von bis zu 2 Wochen entscheidet die Schulleitung.<\/p>\n\n\n\n<p>\u00dcber Art und Umfang der Befreiung aus gesundheitlichen Gr\u00fcnden, insbesondere vom Sportunterricht, entscheidet der Fachlehrer (bis zu einer Woche) bzw. die Schulleitung (\u00fcber eine Woche hinaus) aufgrund eines \u00e4rztlichen Attestes.<\/p>\n\n\n\n<p>Der Antrag erfogt \u00fcber die<a href=\"https:\/\/ngs.schulen-bochum.nrw\/iserv\/\"> IServ-Plattform<\/a>.<\/p>\n\n\n\n<p><\/p>\n","protected":false},"excerpt":{"rendered":"<p>Ein Kind kann nur in besonderen Ausnahmef\u00e4llen und in der Regel zeitlich begrenzt auf Antrag der Eltern vom Unterricht in einzelnen F\u00e4chern oder von einzelnen Schulveranstaltungen befreit werden. \u00dcber die &#8230;<br \/><a class=\"btn btn-primary btn-sm read-more\" href=\"http:\/\/www.neulingschule.de\/neulingschule-wp\/infos-und-termine\/info-abc\/befreiung-vom-unterricht-2\/\" role=\"button\">Read more<\/a><\/p>\n","protected":false},"author":2,"featured_media":0,"parent":94,"menu_order":0,"comment_status":"closed","ping_status":"closed","template":"","meta":{"_price":"","_stock":"","_tribe_ticket_header":"","_tribe_default_ticket_provider":"","_tribe_ticket_capacity":"0","_ticket_start_date":"","_ticket_end_date":"","_tribe_ticket_show_description":"","_tribe_ticket_show_not_going":false,"_tribe_ticket_use_global_stock":"","_tribe_ticket_global_stock_level":"","_global_stock_mode":"","_global_stock_cap":"","_tribe_rsvp_for_event":"","_tribe_ticket_going_count":"","_tribe_ticket_not_going_count":"","_tribe_tickets_list":"[]","_tribe_ticket_has_attendee_info_fields":false,"footnotes":"","_tec_slr_enabled":"","_tec_slr_layout":""},"class_list":["post-256","page","type-page","status-publish","hentry","row panel panel-primary"],"ticketed":false,"_links":{"self":[{"href":"http:\/\/www.neulingschule.de\/neulingschule-wp\/wp-json\/wp\/v2\/pages\/256","targetHints":{"allow":["GET"]}}],"collection":[{"href":"http:\/\/www.neulingschule.de\/neulingschule-wp\/wp-json\/wp\/v2\/pages"}],"about":[{"href":"http:\/\/www.neulingschule.de\/neulingschule-wp\/wp-json\/wp\/v2\/types\/page"}],"author":[{"embeddable":true,"href":"http:\/\/www.neulingschule.de\/neulingschule-wp\/wp-json\/wp\/v2\/users\/2"}],"replies":[{"embeddable":true,"href":"http:\/\/www.neulingschule.de\/neulingschule-wp\/wp-json\/wp\/v2\/comments?post=256"}],"version-history":[{"count":2,"href":"http:\/\/www.neulingschule.de\/neulingschule-wp\/wp-json\/wp\/v2\/pages\/256\/revisions"}],"predecessor-version":[{"id":6182,"href":"http:\/\/www.neulingschule.de\/neulingschule-wp\/wp-json\/wp\/v2\/pages\/256\/revisions\/6182"}],"up":[{"embeddable":true,"href":"http:\/\/www.neulingschule.de\/neulingschule-wp\/wp-json\/wp\/v2\/pages\/94"}],"wp:attachment":[{"href":"http:\/\/www.neulingschule.de\/neulingschule-wp\/wp-json\/wp\/v2\/media?parent=256"}],"curies":[{"name":"wp","href":"https:\/\/api.w.org\/{rel}","templated":true}]}}