{"id":248,"date":"2016-04-21T08:31:57","date_gmt":"2016-04-21T06:31:57","guid":{"rendered":"http:\/\/www.neulingschule.de\/neulingschule-wp\/?page_id=248"},"modified":"2024-08-27T07:22:20","modified_gmt":"2024-08-27T05:22:20","slug":"einzugsgebiet","status":"publish","type":"page","link":"http:\/\/www.neulingschule.de\/neulingschule-wp\/infos-und-termine\/info-abc\/einzugsgebiet\/","title":{"rendered":"Einzugsgebiet"},"content":{"rendered":"<p>Zum Einzugsbereich der Neulingschule geh\u00f6ren die Bereiche westlich bis zur Hattinger Stra\u00dfe, \u00f6stlich bis zum Dertmannsfeld, s\u00fcdlich der Bereich Otterkuhle\/Stemmannsfeld und die Blankensteiner-Stra\u00dfe bis zum Ortsteil Sundern.<\/p>\n<p>Von Sundern aus fahren die Kinder mit dem Schulbus. Die Bushaltestellen liegen unmittelbar vor der Schule.<\/p>\n","protected":false},"excerpt":{"rendered":"<p>Zum Einzugsbereich der Neulingschule geh\u00f6ren die Bereiche westlich bis zur Hattinger Stra\u00dfe, \u00f6stlich bis zum Dertmannsfeld, s\u00fcdlich der Bereich Otterkuhle\/Stemmannsfeld und die Blankensteiner-Stra\u00dfe bis zum Ortsteil Sundern. Von Sundern aus &#8230;<br \/><a class=\"btn btn-primary btn-sm read-more\" href=\"http:\/\/www.neulingschule.de\/neulingschule-wp\/infos-und-termine\/info-abc\/einzugsgebiet\/\" role=\"button\">Read more<\/a><\/p>\n","protected":false},"author":2,"featured_media":0,"parent":94,"menu_order":0,"comment_status":"closed","ping_status":"closed","template":"","meta":{"_price":"","_stock":"","_tribe_ticket_header":"","_tribe_default_ticket_provider":"","_tribe_ticket_capacity":"0","_ticket_start_date":"","_ticket_end_date":"","_tribe_ticket_show_description":"","_tribe_ticket_show_not_going":false,"_tribe_ticket_use_global_stock":"","_tribe_ticket_global_stock_level":"","_global_stock_mode":"","_global_stock_cap":"","_tribe_rsvp_for_event":"","_tribe_ticket_going_count":"","_tribe_ticket_not_going_count":"","_tribe_tickets_list":"[]","_tribe_ticket_has_attendee_info_fields":false,"footnotes":"","_tec_slr_enabled":"","_tec_slr_layout":""},"class_list":["post-248","page","type-page","status-publish","hentry","row panel panel-primary"],"ticketed":false,"_links":{"self":[{"href":"http:\/\/www.neulingschule.de\/neulingschule-wp\/wp-json\/wp\/v2\/pages\/248","targetHints":{"allow":["GET"]}}],"collection":[{"href":"http:\/\/www.neulingschule.de\/neulingschule-wp\/wp-json\/wp\/v2\/pages"}],"about":[{"href":"http:\/\/www.neulingschule.de\/neulingschule-wp\/wp-json\/wp\/v2\/types\/page"}],"author":[{"embeddable":true,"href":"http:\/\/www.neulingschule.de\/neulingschule-wp\/wp-json\/wp\/v2\/users\/2"}],"replies":[{"embeddable":true,"href":"http:\/\/www.neulingschule.de\/neulingschule-wp\/wp-json\/wp\/v2\/comments?post=248"}],"version-history":[{"count":2,"href":"http:\/\/www.neulingschule.de\/neulingschule-wp\/wp-json\/wp\/v2\/pages\/248\/revisions"}],"predecessor-version":[{"id":5794,"href":"http:\/\/www.neulingschule.de\/neulingschule-wp\/wp-json\/wp\/v2\/pages\/248\/revisions\/5794"}],"up":[{"embeddable":true,"href":"http:\/\/www.neulingschule.de\/neulingschule-wp\/wp-json\/wp\/v2\/pages\/94"}],"wp:attachment":[{"href":"http:\/\/www.neulingschule.de\/neulingschule-wp\/wp-json\/wp\/v2\/media?parent=248"}],"curies":[{"name":"wp","href":"https:\/\/api.w.org\/{rel}","templated":true}]}}