{"id":2232,"date":"2017-07-14T22:51:20","date_gmt":"2017-07-14T20:51:20","guid":{"rendered":"http:\/\/www.neulingschule.de\/neulingschule-wp\/?page_id=2232"},"modified":"2025-12-09T15:32:47","modified_gmt":"2025-12-09T14:32:47","slug":"aus-den-klassen-abgaenge","status":"publish","type":"page","link":"http:\/\/www.neulingschule.de\/neulingschule-wp\/schulleben\/aus-den-klassen\/aus-den-klassen-abgaenge\/","title":{"rendered":"Aus den Klassen (Abg\u00e4nge)"},"content":{"rendered":"<p><a href=\"http:\/\/www.neulingschule.de\/neulingschule-wp\/eichhoernchenklasse\/\">Eichh\u00f6rnchenklasse (2025)<\/a><\/p>\n<p><a href=\"http:\/\/www.neulingschule.de\/neulingschule-wp\/schulleben\/aus-den-klassen\/delfinklasse\/\">Delfinklasse (2025)<\/a><\/p>\n<p><a href=\"http:\/\/www.neulingschule.de\/neulingschule-wp\/schulleben\/aus-den-klassen\/erdmaennchenklasse\/\">Erdm\u00e4nnchenklasse (Abgang 2024)<\/a><\/p>\n<p><a href=\"http:\/\/www.neulingschule.de\/neulingschule-wp\/seepferdchenklasse\/\">Seepferdchenklass (Abgang 2024)<\/a><\/p>\n<p><a href=\"http:\/\/www.neulingschule.de\/neulingschule-wp\/schulleben\/aus-den-klassen\/froschklasse\/\">Froschklasse<\/a><\/p>\n<p><a href=\"http:\/\/www.neulingschule.de\/neulingschule-wp\/schulleben\/aus-den-klassen\/schildkroetenklasse\/\">Schildkr\u00f6tenklasse<\/a><\/p>\n<p><a href=\"http:\/\/www.neulingschule.de\/neulingschule-wp\/seehundklasse\/\">Seehundklasse<\/a><\/p>\n<p><a href=\"http:\/\/www.neulingschule.de\/neulingschule-wp\/eisbaerenklasse\/\">Eisb\u00e4renklasse<\/a><\/p>\n<p><a href=\"http:\/\/www.neulingschule.de\/neulingschule-wp\/schulleben\/aus-den-klassen\/eulenklasse\/\">Eulenklasse<\/a><\/p>\n<p><a href=\"http:\/\/www.neulingschule.de\/neulingschule-wp\/schulleben\/aus-den-klassen\/giraffenklasse\/\">Giraffenklasse<\/a><\/p>\n<p><a href=\"http:\/\/www.neulingschule.de\/neulingschule-wp\/schulleben\/aus-den-klassen\/igelklasse\/\">Igelkasse<\/a><\/p>\n<p><a href=\"http:\/\/www.neulingschule.de\/neulingschule-wp\/schulleben\/aus-den-klassen\/schildkroetenklasse\/\">Schildkr\u00f6tenklasse<\/a><\/p>\n<p><a href=\"http:\/\/www.neulingschule.de\/neulingschule-wp\/schulleben\/aus-den-klassen\/maeusebande\/\">M\u00e4usebande<\/a><\/p>\n<p><a href=\"http:\/\/www.neulingschule.de\/neulingschule-wp\/schulleben\/aus-den-klassen\/baerenbande\/\">B\u00e4renklasse<\/a><\/p>\n<p><a href=\"http:\/\/www.neulingschule.de\/neulingschule-wp\/schulleben\/aus-den-klassen\/krokodilklasse\/\">Krokodilklasse<\/a><\/p>\n<p><a href=\"http:\/\/www.neulingschule.de\/neulingschule-wp\/schulleben\/aus-den-klassen\/froschklasse\/\">Froschklasse (2015)<\/a><\/p>\n<p><a href=\"http:\/\/www.neulingschule.de\/neulingschule-wp\/schulleben\/aus-den-klassen\/zebraklasse\/\">Zebraklasse<\/a><\/p>\n\n\n<p><\/p>\n","protected":false},"excerpt":{"rendered":"<p>Eichh\u00f6rnchenklasse (2025) Delfinklasse (2025) Erdm\u00e4nnchenklasse (Abgang 2024) Seepferdchenklass (Abgang 2024) Froschklasse Schildkr\u00f6tenklasse Seehundklasse Eisb\u00e4renklasse Eulenklasse Giraffenklasse Igelkasse Schildkr\u00f6tenklasse M\u00e4usebande B\u00e4renklasse Krokodilklasse Froschklasse (2015) Zebraklasse<\/p>\n","protected":false},"author":2,"featured_media":0,"parent":110,"menu_order":0,"comment_status":"closed","ping_status":"closed","template":"","meta":{"_price":"","_stock":"","_tribe_ticket_header":"","_tribe_default_ticket_provider":"","_tribe_ticket_capacity":"0","_ticket_start_date":"","_ticket_end_date":"","_tribe_ticket_show_description":"","_tribe_ticket_show_not_going":false,"_tribe_ticket_use_global_stock":"","_tribe_ticket_global_stock_level":"","_global_stock_mode":"","_global_stock_cap":"","_tribe_rsvp_for_event":"","_tribe_ticket_going_count":"","_tribe_ticket_not_going_count":"","_tribe_tickets_list":"[]","_tribe_ticket_has_attendee_info_fields":false,"footnotes":"","_tec_slr_enabled":"","_tec_slr_layout":""},"class_list":["post-2232","page","type-page","status-publish","hentry","row panel panel-primary"],"ticketed":false,"_links":{"self":[{"href":"http:\/\/www.neulingschule.de\/neulingschule-wp\/wp-json\/wp\/v2\/pages\/2232","targetHints":{"allow":["GET"]}}],"collection":[{"href":"http:\/\/www.neulingschule.de\/neulingschule-wp\/wp-json\/wp\/v2\/pages"}],"about":[{"href":"http:\/\/www.neulingschule.de\/neulingschule-wp\/wp-json\/wp\/v2\/types\/page"}],"author":[{"embeddable":true,"href":"http:\/\/www.neulingschule.de\/neulingschule-wp\/wp-json\/wp\/v2\/users\/2"}],"replies":[{"embeddable":true,"href":"http:\/\/www.neulingschule.de\/neulingschule-wp\/wp-json\/wp\/v2\/comments?post=2232"}],"version-history":[{"count":7,"href":"http:\/\/www.neulingschule.de\/neulingschule-wp\/wp-json\/wp\/v2\/pages\/2232\/revisions"}],"predecessor-version":[{"id":6319,"href":"http:\/\/www.neulingschule.de\/neulingschule-wp\/wp-json\/wp\/v2\/pages\/2232\/revisions\/6319"}],"up":[{"embeddable":true,"href":"http:\/\/www.neulingschule.de\/neulingschule-wp\/wp-json\/wp\/v2\/pages\/110"}],"wp:attachment":[{"href":"http:\/\/www.neulingschule.de\/neulingschule-wp\/wp-json\/wp\/v2\/media?parent=2232"}],"curies":[{"name":"wp","href":"https:\/\/api.w.org\/{rel}","templated":true}]}}