{"id":195,"date":"2016-04-19T12:34:58","date_gmt":"2016-04-19T10:34:58","guid":{"rendered":"http:\/\/www.neulingschule.de\/neulingschule-wp\/?page_id=195"},"modified":"2016-04-22T11:53:25","modified_gmt":"2016-04-22T09:53:25","slug":"ansteckende-krankheiten","status":"publish","type":"page","link":"http:\/\/www.neulingschule.de\/neulingschule-wp\/infos-und-termine\/info-abc\/ansteckende-krankheiten\/","title":{"rendered":"Ansteckende Krankheiten"},"content":{"rendered":"<p>Erkrankt ein Kind an einer meldepflichtigen \u00fcbertragbaren Krankheit, wie z.B. Scharlach, Diphtherie, Mumps, R\u00f6teln oder Windpocken, so darf es nicht am Unterricht teilnehmen, bis nach dem Urteil des behandelnden Arztes oder des Gesundheitsamtes eine weitere Verbreitung der Krankheit nicht mehr zu bef\u00fcrchten ist. Entsprechendes gilt im Falle von Verlausung. \u00dcbertragbare Krankheiten m\u00fcssen der Schule unverz\u00fcglich gemeldet werden.<\/p>\n<p><a href=\"http:\/\/www.neulingschule.de\/neulingschule-wp\/wp-content\/uploads\/2016\/04\/Wiederzulassung-nach-Erkrankung.pdf\">Wiederzulassung nach Erkrankung<\/a><\/p>\n","protected":false},"excerpt":{"rendered":"<p>Erkrankt ein Kind an einer meldepflichtigen \u00fcbertragbaren Krankheit, wie z.B. Scharlach, Diphtherie, Mumps, R\u00f6teln oder Windpocken, so darf es nicht am Unterricht teilnehmen, bis nach dem Urteil des behandelnden Arztes &#8230;<br \/><a class=\"btn btn-primary btn-sm read-more\" href=\"http:\/\/www.neulingschule.de\/neulingschule-wp\/infos-und-termine\/info-abc\/ansteckende-krankheiten\/\" role=\"button\">Read more<\/a><\/p>\n","protected":false},"author":2,"featured_media":0,"parent":94,"menu_order":0,"comment_status":"closed","ping_status":"closed","template":"","meta":{"_price":"","_stock":"","_tribe_ticket_header":"","_tribe_default_ticket_provider":"","_tribe_ticket_capacity":"0","_ticket_start_date":"","_ticket_end_date":"","_tribe_ticket_show_description":"","_tribe_ticket_show_not_going":false,"_tribe_ticket_use_global_stock":"","_tribe_ticket_global_stock_level":"","_global_stock_mode":"","_global_stock_cap":"","_tribe_rsvp_for_event":"","_tribe_ticket_going_count":"","_tribe_ticket_not_going_count":"","_tribe_tickets_list":"[]","_tribe_ticket_has_attendee_info_fields":false,"footnotes":"","_tec_slr_enabled":"","_tec_slr_layout":""},"class_list":["post-195","page","type-page","status-publish","hentry","row panel panel-primary"],"ticketed":false,"_links":{"self":[{"href":"http:\/\/www.neulingschule.de\/neulingschule-wp\/wp-json\/wp\/v2\/pages\/195","targetHints":{"allow":["GET"]}}],"collection":[{"href":"http:\/\/www.neulingschule.de\/neulingschule-wp\/wp-json\/wp\/v2\/pages"}],"about":[{"href":"http:\/\/www.neulingschule.de\/neulingschule-wp\/wp-json\/wp\/v2\/types\/page"}],"author":[{"embeddable":true,"href":"http:\/\/www.neulingschule.de\/neulingschule-wp\/wp-json\/wp\/v2\/users\/2"}],"replies":[{"embeddable":true,"href":"http:\/\/www.neulingschule.de\/neulingschule-wp\/wp-json\/wp\/v2\/comments?post=195"}],"version-history":[{"count":3,"href":"http:\/\/www.neulingschule.de\/neulingschule-wp\/wp-json\/wp\/v2\/pages\/195\/revisions"}],"predecessor-version":[{"id":330,"href":"http:\/\/www.neulingschule.de\/neulingschule-wp\/wp-json\/wp\/v2\/pages\/195\/revisions\/330"}],"up":[{"embeddable":true,"href":"http:\/\/www.neulingschule.de\/neulingschule-wp\/wp-json\/wp\/v2\/pages\/94"}],"wp:attachment":[{"href":"http:\/\/www.neulingschule.de\/neulingschule-wp\/wp-json\/wp\/v2\/media?parent=195"}],"curies":[{"name":"wp","href":"https:\/\/api.w.org\/{rel}","templated":true}]}}