{"id":187,"date":"2016-04-19T11:16:48","date_gmt":"2016-04-19T09:16:48","guid":{"rendered":"http:\/\/www.neulingschule.de\/neulingschule-wp\/?page_id=187"},"modified":"2016-05-19T10:13:49","modified_gmt":"2016-05-19T08:13:49","slug":"anmeldung-von-schulanfangern","status":"publish","type":"page","link":"http:\/\/www.neulingschule.de\/neulingschule-wp\/infos-und-termine\/info-abc\/anmeldung-von-schulanfangern\/","title":{"rendered":"Anmeldung von Schulanf\u00e4ngern"},"content":{"rendered":"<p>&nbsp;<\/p>\n<p>Verordnung \u00fcber den Bildungsgang in der\u00a0Grundschule (AO-GS, \u00a7 1):<br \/>\nDer Stichtag f\u00fcr die Einschulung ist der 30.September.<br \/>\nAlle Kinder, die bis zu diesem Tag 6 Jahre alt werden,\u00a0sind ab dem 01.August des Jahres schulpflichtig. Die Eltern der Kinder werden im Sommer des Vorjahres von der Stadt benachrichtigt und m\u00fcssen ihr Kind bis zu den Herbstferien an der Grundschule ihrer Wahl anmelden.<\/p>\n<p>Sie haben die M\u00f6glichkeit ihr Kind <a href=\"http:\/\/www.neulingschule.de\/neulingschule-wp\/unsere-schule\/anmeldeformular\/\">online<\/a> an der Neulingschule anzumelden<\/p>\n<p>Zur vorzeitigen Einschulung siehe\u00a0<a href=\"http:\/\/www.neulingschule.de\/neulingschule-wp\/infos-und-termine\/info-abc\/vorzeitige-einschulung\/\">vorzeitige Einschulung<\/a>.<br \/>\nSie haben die M\u00f6glichkeit ihr Kind an der Neulingschule anzumelden.<br \/>\nJedes Kind hat einen Anspruch auf Aufnahme in die seiner Wohnung n\u00e4chstgelegene Grundschule der gew\u00fcnschten Schulart in seiner<br \/>\nGemeinde im Rahmen der vom Schultr\u00e4ger festgelegten Aufnahmekapazit\u00e4t (\u00a7 46 Abs. 3 SchulG).<br \/>\nSiehe auch <a href=\"http:\/\/www.neulingschule.de\/neulingschule-wp\/infos-und-termine\/info-abc\/vorzeitige-einschulung\/\">vorzeitige Einschulung<\/a>. Im Rahmen freier Kapazit\u00e4ten nimmt die Schule auch andere Kinder auf.<\/p>\n<p>Bei der Anmeldung f\u00fchrt die Schule ein Aufnahmeverfahren unter diesen Kindern durch. F\u00fcr die Aufnahmeentscheidung ber\u00fccksichtigt der Schulleiter festgelegte Kriterien.<br \/>\nBei der Anmeldung stellt die Schule fest, ob die Kinder die deutsche Sprache hinreichend beherrschen, um im Unterricht mitarbeiten zu k\u00f6nnen. Kinder mit unzureichenden Deutschkenntnissen k\u00f6nnen von der Grundschule zum Besuch eines vorschulischen Sprachf\u00f6rderkurses verpflichtet werden, sofern sie nicht bereits in einer Tageseinrichtung f\u00fcr Kinder entsprechend gef\u00f6rdert werden.<\/p>\n<p>&nbsp;<\/p>\n","protected":false},"excerpt":{"rendered":"<p>&nbsp; Verordnung \u00fcber den Bildungsgang in der\u00a0Grundschule (AO-GS, \u00a7 1): Der Stichtag f\u00fcr die Einschulung ist der 30.September. Alle Kinder, die bis zu diesem Tag 6 Jahre alt werden,\u00a0sind ab &#8230;<br \/><a class=\"btn btn-primary btn-sm read-more\" href=\"http:\/\/www.neulingschule.de\/neulingschule-wp\/infos-und-termine\/info-abc\/anmeldung-von-schulanfangern\/\" role=\"button\">Read more<\/a><\/p>\n","protected":false},"author":2,"featured_media":0,"parent":94,"menu_order":0,"comment_status":"closed","ping_status":"closed","template":"","meta":{"_price":"","_stock":"","_tribe_ticket_header":"","_tribe_default_ticket_provider":"","_tribe_ticket_capacity":"0","_ticket_start_date":"","_ticket_end_date":"","_tribe_ticket_show_description":"","_tribe_ticket_show_not_going":false,"_tribe_ticket_use_global_stock":"","_tribe_ticket_global_stock_level":"","_global_stock_mode":"","_global_stock_cap":"","_tribe_rsvp_for_event":"","_tribe_ticket_going_count":"","_tribe_ticket_not_going_count":"","_tribe_tickets_list":"[]","_tribe_ticket_has_attendee_info_fields":false,"footnotes":"","_tec_slr_enabled":"","_tec_slr_layout":""},"class_list":["post-187","page","type-page","status-publish","hentry","row panel panel-primary"],"ticketed":false,"_links":{"self":[{"href":"http:\/\/www.neulingschule.de\/neulingschule-wp\/wp-json\/wp\/v2\/pages\/187","targetHints":{"allow":["GET"]}}],"collection":[{"href":"http:\/\/www.neulingschule.de\/neulingschule-wp\/wp-json\/wp\/v2\/pages"}],"about":[{"href":"http:\/\/www.neulingschule.de\/neulingschule-wp\/wp-json\/wp\/v2\/types\/page"}],"author":[{"embeddable":true,"href":"http:\/\/www.neulingschule.de\/neulingschule-wp\/wp-json\/wp\/v2\/users\/2"}],"replies":[{"embeddable":true,"href":"http:\/\/www.neulingschule.de\/neulingschule-wp\/wp-json\/wp\/v2\/comments?post=187"}],"version-history":[{"count":7,"href":"http:\/\/www.neulingschule.de\/neulingschule-wp\/wp-json\/wp\/v2\/pages\/187\/revisions"}],"predecessor-version":[{"id":567,"href":"http:\/\/www.neulingschule.de\/neulingschule-wp\/wp-json\/wp\/v2\/pages\/187\/revisions\/567"}],"up":[{"embeddable":true,"href":"http:\/\/www.neulingschule.de\/neulingschule-wp\/wp-json\/wp\/v2\/pages\/94"}],"wp:attachment":[{"href":"http:\/\/www.neulingschule.de\/neulingschule-wp\/wp-json\/wp\/v2\/media?parent=187"}],"curies":[{"name":"wp","href":"https:\/\/api.w.org\/{rel}","templated":true}]}}