{"id":110,"date":"2016-04-15T11:21:58","date_gmt":"2016-04-15T09:21:58","guid":{"rendered":"http:\/\/www.neulingschule.de\/neulingschule-wp\/?page_id=110"},"modified":"2026-01-05T14:16:31","modified_gmt":"2026-01-05T13:16:31","slug":"aus-den-klassen","status":"publish","type":"page","link":"http:\/\/www.neulingschule.de\/neulingschule-wp\/schulleben\/aus-den-klassen\/","title":{"rendered":"Aus den Klassen"},"content":{"rendered":"<p>Hier kann am sich ansehen, was die Klassen in letzter Zeit gemacht haben:<\/p>\n<p><a href=\"http:\/\/www.neulingschule.de\/neulingschule-wp\/tausendfuesslerklasse-2025\/\">Tausenf\u00fc\u00dflerklasse (2025)<\/a><\/p>\n<p><a href=\"https:\/\/www.neulingschule.de\/neulingschule-wp\/delfinklasse-2025\/\">Delfinklasse (2025)<\/a><\/p>\n<p><a href=\"http:\/\/www.neulingschule.de\/neulingschule-wp\/erdmaennchenklasse-2024\/\">Erdm\u00e4nnchenklasse<\/a><\/p>\n<p><a href=\"http:\/\/www.neulingschule.de\/neulingschule-wp\/seepferdchen-2024\/\">Seepferdchenklasse<\/a><\/p>\n<p><a href=\"http:\/\/www.neulingschule.de\/neulingschule-wp\/zebraklasse\/\">Zebraklasse<\/a><\/p>\n<p><a href=\"http:\/\/www.neulingschule.de\/neulingschule-wp\/lamaklasse\/\">Lamaklasse<\/a><\/p>\n<p><a href=\"http:\/\/www.neulingschule.de\/neulingschule-wp\/pinguinklasse\/\">Pinguinklasse<\/a><\/p>\n<p><a href=\"http:\/\/www.neulingschule.de\/neulingschule-wp\/waschbaerenklasse\/\">Waschb\u00e4renklasse<\/a><\/p>\n<p><a href=\"http:\/\/www.neulingschule.de\/neulingschule-wp\/koalaklasse\/\">Koalaklasse<\/a><\/p>\n<p style=\"text-align: right;\"><a href=\"http:\/\/www.neulingschule.de\/neulingschule-wp\/schulleben\/aus-den-klassen\/aus-den-klassen-abgaenge\/\">\u00e4ltere Jahrg\u00e4nge<\/a><\/p>\n\n\n<p><\/p>\n","protected":false},"excerpt":{"rendered":"<p>Hier kann am sich ansehen, was die Klassen in letzter Zeit gemacht haben: Tausenf\u00fc\u00dflerklasse (2025) Delfinklasse (2025) Erdm\u00e4nnchenklasse Seepferdchenklasse Zebraklasse Lamaklasse Pinguinklasse Waschb\u00e4renklasse Koalaklasse \u00e4ltere Jahrg\u00e4nge<\/p>\n","protected":false},"author":1,"featured_media":0,"parent":105,"menu_order":2,"comment_status":"closed","ping_status":"closed","template":"","meta":{"_price":"","_stock":"","_tribe_ticket_header":"","_tribe_default_ticket_provider":"","_tribe_ticket_capacity":"0","_ticket_start_date":"","_ticket_end_date":"","_tribe_ticket_show_description":"","_tribe_ticket_show_not_going":false,"_tribe_ticket_use_global_stock":"","_tribe_ticket_global_stock_level":"","_global_stock_mode":"","_global_stock_cap":"","_tribe_rsvp_for_event":"","_tribe_ticket_going_count":"","_tribe_ticket_not_going_count":"","_tribe_tickets_list":"[]","_tribe_ticket_has_attendee_info_fields":false,"footnotes":"","_tec_slr_enabled":"","_tec_slr_layout":""},"class_list":["post-110","page","type-page","status-publish","hentry","row panel panel-primary"],"ticketed":false,"_links":{"self":[{"href":"http:\/\/www.neulingschule.de\/neulingschule-wp\/wp-json\/wp\/v2\/pages\/110","targetHints":{"allow":["GET"]}}],"collection":[{"href":"http:\/\/www.neulingschule.de\/neulingschule-wp\/wp-json\/wp\/v2\/pages"}],"about":[{"href":"http:\/\/www.neulingschule.de\/neulingschule-wp\/wp-json\/wp\/v2\/types\/page"}],"author":[{"embeddable":true,"href":"http:\/\/www.neulingschule.de\/neulingschule-wp\/wp-json\/wp\/v2\/users\/1"}],"replies":[{"embeddable":true,"href":"http:\/\/www.neulingschule.de\/neulingschule-wp\/wp-json\/wp\/v2\/comments?post=110"}],"version-history":[{"count":25,"href":"http:\/\/www.neulingschule.de\/neulingschule-wp\/wp-json\/wp\/v2\/pages\/110\/revisions"}],"predecessor-version":[{"id":6383,"href":"http:\/\/www.neulingschule.de\/neulingschule-wp\/wp-json\/wp\/v2\/pages\/110\/revisions\/6383"}],"up":[{"embeddable":true,"href":"http:\/\/www.neulingschule.de\/neulingschule-wp\/wp-json\/wp\/v2\/pages\/105"}],"wp:attachment":[{"href":"http:\/\/www.neulingschule.de\/neulingschule-wp\/wp-json\/wp\/v2\/media?parent=110"}],"curies":[{"name":"wp","href":"https:\/\/api.w.org\/{rel}","templated":true}]}}